{"id":932,"date":"2018-11-14T12:02:15","date_gmt":"2018-11-14T12:02:15","guid":{"rendered":"https:\/\/mikoterm.com\/?page_id=932"},"modified":"2026-03-20T12:27:02","modified_gmt":"2026-03-20T12:27:02","slug":"elektricni-procesorski-kotlovi-model-tk-70kw-100kw-podna-montaza","status":"publish","type":"page","link":"https:\/\/mikoterm.com\/eng\/electric-processor-boilers-model-tk-70kw-100kw-floor-mounted\/","title":{"rendered":"Elektri\u010dni procesorski kotlovi model &#8211; TK 70kw &#8211; 100kw Podna monta\u017ea"},"content":{"rendered":"<div id=\"pl-932\"  class=\"panel-layout\" ><div id=\"pg-932-0\"  class=\"panel-grid panel-no-style\" ><div id=\"pgc-932-0-0\"  class=\"panel-grid-cell panel-grid-cell-empty\" ><\/div><div id=\"pgc-932-0-1\"  class=\"panel-grid-cell panel-grid-cell-mobile-last\" ><div id=\"panel-932-0-1-0\" class=\"so-panel widget widget_sow-editor panel-first-child panel-last-child widgetopts-SO\" data-index=\"0\" ><div\n\t\t\t\n\t\t\tclass=\"so-widget-sow-editor so-widget-sow-editor-base\"\n\t\t\t\n\t\t>\n<div class=\"siteorigin-widget-tinymce textwidget\">\n\t<h1 style=\"text-align: center;\" align=\"justify\">Electric processor boilers model <strong>TK-Profesional 70kW-<\/strong><strong>100kW<\/strong> - floor mounting<\/h1>\n<h5 align=\"justify\">Boilers TK-professional 70<strong>-<\/strong>100kW as well as others in this series are produced according to the strictest safety standards of the EU. Control and regulation of boiler operation is carried out via a microprocessor unit that obtains information from digital pressure and temperature sensors. The display shows all the parameters of the system, as well as warnings about approaching the limit values of temperature and pressure, or errors in case of exceeding the allowed values. The automation and executive components are physically separated from the boiler court. The ambient temperature of the automatic is controlled and, if necessary, maintained by forced ventilation at the optimal level for safe operation. Boilers TK-professional 70<strong>-<\/strong>100kW can be connected to a centralized monitoring and management system (BMS, SCADA,...), over the RS485 RTU module, using the ModBus protocol. Possibility to connect up to 10 boilers of the same power in Cascade mode with additional <a href=\"https:\/\/mikoterm.com\/eng\/cascade-regulator-cpk09-m-2\/\" target=\"_blank\" rel=\"noopener\"><strong>ca<\/strong><strong>scade regulator<\/strong><\/a>.<\/h5>\n<\/div>\n<\/div><\/div><\/div><div id=\"pgc-932-0-2\"  class=\"panel-grid-cell panel-grid-cell-empty\" ><\/div><\/div><div id=\"pg-932-1\"  class=\"panel-grid panel-no-style\" ><div id=\"pgc-932-1-0\"  class=\"panel-grid-cell panel-grid-cell-empty\" ><\/div><div id=\"pgc-932-1-1\"  class=\"panel-grid-cell\" ><div id=\"panel-932-1-1-0\" class=\"widget_text so-panel widget widget_custom_html panel-first-child panel-last-child widgetopts-SO\" data-index=\"1\" ><h3 class=\"widget-title\">GALLERY<\/h3><div class=\"textwidget custom-html-widget\">\r\n\t\t\t\t\t\n\r\n\t\t\t\t\t<!-- START UNITE GALLERY 1.7.62 -->\r\n\t\t\t\t\t\r\n\t\t\t\t\n\t\t\t<div id='unitegallery_8_1' class='unite-gallery' style='margin:0px auto;'>\n\t\t\t\t\n\n\t\t\t\t\t\t<img decoding=\"async\" alt=\"Pogled na TK Profesional Elektri\u010dni Kotao 70-120kW\"\n\t\t\t\t\t\t     src=\"\" data-image=\"https:\/\/media.mikoterm.com\/2024\/03\/TK-Pro.-rediz..-90kW-3-galery.png\"\n\t\t\t\t\t\t     data-thumb=\"https:\/\/media.mikoterm.com\/2024\/03\/TK-Pro.-rediz..-90kW-3-galery.png\"\n\t\t\t\t\t\t     title=\"\"\n\t\t\t\t\t\t     data-title=\"TK Profesional Elektri\u010dni Kotao 70-120kW\"\n\t\t\t\t\t\t     style=\"display:none\">\n\n\t\t\t\t\t\t<img decoding=\"async\" alt=\"Pogled na prednju stranu TK Profesional Elektri\u010dni Kotao 70-120kW\"\n\t\t\t\t\t\t     src=\"\" data-image=\"https:\/\/media.mikoterm.com\/2024\/03\/TK-Pro.-rediz..-90kW-11-galery.png\"\n\t\t\t\t\t\t     data-thumb=\"https:\/\/media.mikoterm.com\/2024\/03\/TK-Pro.-rediz..-90kW-11-galery.png\"\n\t\t\t\t\t\t     title=\"\"\n\t\t\t\t\t\t     data-title=\"TK Profesional Elektri\u010dni Kotao 70-120kW prednja strana\"\n\t\t\t\t\t\t     style=\"display:none\">\n\n\t\t\t\t\t\t<img decoding=\"async\" alt=\"Unutra\u0161njost TK Profesional Elektri\u010dni Kotao 70-120kW\"\n\t\t\t\t\t\t     src=\"\" data-image=\"https:\/\/media.mikoterm.com\/2024\/03\/TK-Pro.-rediz..-90kW-44-galery.png\"\n\t\t\t\t\t\t     data-thumb=\"https:\/\/media.mikoterm.com\/2024\/03\/TK-Pro.-rediz..-90kW-44-galery.png\"\n\t\t\t\t\t\t     title=\"\"\n\t\t\t\t\t\t     data-title=\"TK Profesional Elektri\u010dni Kotao 70-120kW Unutra\u0161njost\"\n\t\t\t\t\t\t     style=\"display:none\">\n\n\t\t\t\t\t\t<img decoding=\"async\" alt=\"Pogled na zadnju stranu TK Profesional Elektri\u010dni Kotao 70-120kW\"\n\t\t\t\t\t\t     src=\"\" data-image=\"https:\/\/media.mikoterm.com\/2024\/03\/TK-Pro.-rediz..-90kW-6-galery.png\"\n\t\t\t\t\t\t     data-thumb=\"https:\/\/media.mikoterm.com\/2024\/03\/TK-Pro.-rediz..-90kW-6-galery.png\"\n\t\t\t\t\t\t     title=\"\"\n\t\t\t\t\t\t     data-title=\"TK Profesional Elektri\u010dni Kotao 70-120kW zadnja strana\"\n\t\t\t\t\t\t     style=\"display:none\">\n\t\t\t<\/div>\n\n\t\t\t<script type='text\/javascript'>\n\t\t\t\twindow.onload = function(e) {\n\t\t\t\t\tif(typeof ugCheckForErrors == \"undefined\"){\n\t\t\t\t\t\tdocument.getElementById(\"unitegallery_8_1\").innerHTML = \"<span style='color:red'>Unite Gallery Error - gallery js and css files not included in the footer. Please make sure that wp_footer() function is added to your theme.<\/span>\";}\n\t\t\t\t\telse{ ugCheckForErrors(\"unitegallery_8_1\", \"jquery\");}\n\t\t\t\t};\n\t\t\t<\/script>\n\n\t\t\t<!-- END UNITEGALLERY --><\/div><\/div><\/div><div id=\"pgc-932-1-2\"  class=\"panel-grid-cell panel-grid-cell-mobile-last\" ><div id=\"panel-932-1-2-0\" class=\"so-panel widget widget_sow-editor panel-first-child panel-last-child widgetopts-SO\" data-index=\"2\" ><div\n\t\t\t\n\t\t\tclass=\"so-widget-sow-editor so-widget-sow-editor-base\"\n\t\t\t\n\t\t>\n<div class=\"siteorigin-widget-tinymce textwidget\">\n\t<p><a href=\"http:\/\/media.mikoterm.com\/2024\/03\/Dimenzije-70-100kW.jpg\" target=\"_blank\" rel=\"noopener\"><img loading=\"lazy\" decoding=\"async\" class=\"aligncenter size-full wp-image-9209\" src=\"http:\/\/media.mikoterm.com\/2024\/03\/Dimenzije-70-100kW.jpg\" alt=\"\" width=\"1821\" height=\"1191\"\/><\/a><\/p>\n<p><img loading=\"lazy\" decoding=\"async\" class=\"wp-image-791 alignnone\" src=\"http:\/\/media.mikoterm.com\/2018\/11\/adobe-ikon.jpeg\" alt=\"\" width=\"40\" height=\"39\"\/>&nbsp; Download technical sheets for electric boiler power 70-100kW:<\/p>\n<ul>\n<li><img loading=\"lazy\" decoding=\"async\" class=\"wp-image-6945 alignnone\" src=\"http:\/\/media.mikoterm.com\/2020\/12\/serbia1.png\" alt=\"\" width=\"34\" height=\"34\"\/>&nbsp; <a href=\"http:\/\/media.mikoterm.com\/2024\/03\/TK-Profesional_50-240kW_TEH-LIST_SRB.pdf\" target=\"_blank\" rel=\"noopener\">Serbian<\/a><\/li>\n<li><img loading=\"lazy\" decoding=\"async\" class=\"wp-image-6938 alignnone\" src=\"http:\/\/media.mikoterm.com\/2020\/12\/ENG1.png\" alt=\"\" width=\"33\" height=\"33\"\/>&nbsp; <a href=\"http:\/\/media.mikoterm.com\/2024\/03\/TK-Profesional_50-240kW_tehnical-sheet_ENG.pdf\" target=\"_blank\" rel=\"noopener\">English<\/a><\/li>\n<\/ul>\n<p><img loading=\"lazy\" decoding=\"async\" class=\"wp-image-6133 alignnone\" src=\"http:\/\/media.mikoterm.com\/2020\/09\/dwg.png\" alt=\"\" width=\"45\" height=\"45\"\/> <a href=\"https:\/\/media.mikoterm.com\/2024\/11\/TK-Pro-70...100.dwg\" target=\"_blank\" rel=\"noopener\">Download CAD block for TK-professional 70-100kW<\/a><\/p>\n<p><a href=\"https:\/\/mikoterm.com\/eng\/declarations-and-statements-of-conformity\/\" target=\"_blank\" rel=\"noopener\"><span style=\"color: #000000;\"><img loading=\"lazy\" decoding=\"async\" class=\"wp-image-9786 alignnone\" src=\"http:\/\/media.mikoterm.com\/2025\/09\/Atest.png\" alt=\"\" width=\"48\" height=\"48\"\/> <em><strong>Certificates and declarations<\/strong><\/em><\/span><\/a><\/p>\n<\/div>\n<\/div><\/div><\/div><div id=\"pgc-932-1-3\"  class=\"panel-grid-cell panel-grid-cell-empty\" ><\/div><\/div><div id=\"pg-932-2\"  class=\"panel-grid panel-no-style\" ><div id=\"pgc-932-2-0\"  class=\"panel-grid-cell panel-grid-cell-empty\" ><\/div><div id=\"pgc-932-2-1\"  class=\"panel-grid-cell panel-grid-cell-mobile-last\" ><div id=\"panel-932-2-1-0\" class=\"so-panel widget widget_sow-editor panel-first-child panel-last-child widgetopts-SO\" data-index=\"3\" ><div\n\t\t\t\n\t\t\tclass=\"so-widget-sow-editor so-widget-sow-editor-base\"\n\t\t\t\n\t\t>\n<div class=\"siteorigin-widget-tinymce textwidget\">\n\t<table id=\"tablepress-7\" class=\"tablepress tablepress-id-7\">\n<thead>\n<tr class=\"row-1\">\n<th class=\"column-1\">Tech.features<\/th>\n<th class=\"column-2\">70kW<\/th>\n<th class=\"column-3\">80kW<\/th>\n<th class=\"column-4\">90kW<\/th>\n<th class=\"column-5\">100kW<\/th>\n<\/tr>\n<\/thead>\n<tbody class=\"row-striping row-hover\">\n<tr class=\"row-2\">\n<td class=\"column-1\">Weight<\/td>\n<td class=\"column-2\">92kg<\/td>\n<td class=\"column-3\">106kg<\/td>\n<td class=\"column-4\">110kg<\/td>\n<td class=\"column-5\">120kg<\/td>\n<\/tr>\n<tr class=\"row-3\">\n<td class=\"column-1\">Court volume<\/td>\n<td class=\"column-2\">90 litres<\/td>\n<td class=\"column-3\">90 litres<\/td>\n<td class=\"column-4\">90 litres<\/td>\n<td class=\"column-5\">90 litres<\/td>\n<\/tr>\n<tr class=\"row-4\">\n<td class=\"column-1\">Heaters<\/td>\n<td class=\"column-2\">7x10kW<\/td>\n<td class=\"column-3\">8x10kW<\/td>\n<td class=\"column-4\">9x10kW<\/td>\n<td class=\"column-5\">10x10kW<\/td>\n<\/tr>\n<tr class=\"row-5\">\n<td class=\"column-1\">Heating groups<\/td>\n<td class=\"column-2\">7x10kW<\/td>\n<td class=\"column-3\">8x10kW<\/td>\n<td class=\"column-4\">9x10kW<\/td>\n<td class=\"column-5\">10x10kW<\/td>\n<\/tr>\n<tr class=\"row-6\">\n<td class=\"column-1\">Voltage<\/td>\n<td class=\"column-2\">3N ~ 400\/230V 50Hz<\/td>\n<td class=\"column-3\">3N ~ 400\/230V 50Hz<\/td>\n<td class=\"column-4\">3N ~ 400\/230V 50Hz<\/td>\n<td class=\"column-5\">3N ~ 400\/230V 50Hz<\/td>\n<\/tr>\n<tr class=\"row-7\">\n<td class=\"column-1\">Connection to the Hydro network.<\/td>\n<td class=\"column-2\">DN50 2&#034;<\/td>\n<td class=\"column-3\">DN50 2&#034;<\/td>\n<td class=\"column-4\">DN50 2&#034;<\/td>\n<td class=\"column-5\">DN50 2&#034;<\/td>\n<\/tr>\n<tr class=\"row-8\">\n<td class=\"column-1\">Pressure<\/td>\n<td class=\"column-2\">0.4 bar-4 bar<\/td>\n<td class=\"column-3\">0.4 bar-4 bar<\/td>\n<td class=\"column-4\">0.4 bar-4 bar<\/td>\n<td class=\"column-5\">0.4 bar-4 bar<\/td>\n<\/tr>\n<tr class=\"row-9\">\n<td class=\"column-1\">Operating temperature<\/td>\n<td class=\"column-2\">10-90\u00b0C<\/td>\n<td class=\"column-3\">10-90\u00b0C<\/td>\n<td class=\"column-4\">10-90\u00b0C<\/td>\n<td class=\"column-5\">10-90\u00b0C<\/td>\n<\/tr>\n<tr class=\"row-10\">\n<td class=\"column-1\">Heater fuses<\/td>\n<td class=\"column-2\">7 x 3P C25A<\/td>\n<td class=\"column-3\">8 x 3P C25A<\/td>\n<td class=\"column-4\">4 x 3P C40A + 3P C25A<\/td>\n<td class=\"column-5\">5 x 3P C40A<\/td>\n<\/tr>\n<tr class=\"row-11\">\n<td class=\"column-1\">Max rated current<\/td>\n<td class=\"column-2\">3 x 101.5 A<\/td>\n<td class=\"column-3\">3 x 116A<\/td>\n<td class=\"column-4\">3 x 130A<\/td>\n<td class=\"column-5\">3 x 145A<\/td>\n<\/tr>\n<tr class=\"row-12\">\n<td class=\"column-1\">Potrebni glavni osigura\u010di<\/td>\n<td class=\"column-2\">3 x 125 A<\/td>\n<td class=\"column-3\">3 x 125 A<\/td>\n<td class=\"column-4\">3 x 160 A<\/td>\n<td class=\"column-5\">3 x 160 A<\/td>\n<\/tr>\n<tr class=\"row-13\">\n<td class=\"column-1\">Priklju\u010dni kabl<\/td>\n<td class=\"column-2\">Cu 3 x 35mm\u00b2<\/td>\n<td class=\"column-3\">Cu 3 x 50mm\u00b2<\/td>\n<td class=\"column-4\">Cu 3 x 50mm\u00b2<\/td>\n<td class=\"column-5\">Cu 3 x 70mm\u00b2<\/td>\n<\/tr>\n<tr class=\"row-14\">\n<td class=\"column-1\">Za\u0161titni vod<\/td>\n<td class=\"column-2\">Cu 1 x 25mm\u00b2<\/td>\n<td class=\"column-3\">Cu 1 x 25mm\u00b2<\/td>\n<td class=\"column-4\">Cu 1 x 25mm\u00b2<\/td>\n<td class=\"column-5\">Cu 1 x 35mm\u00b2<\/td>\n<\/tr>\n<\/tbody>\n<\/table>\n<p><!-- #tablepress-7 from cache --><\/p>\n<\/div>\n<\/div><\/div><\/div><div id=\"pgc-932-2-2\"  class=\"panel-grid-cell panel-grid-cell-empty\" ><\/div><\/div><\/div>","protected":false},"excerpt":{"rendered":"<p>Elektri\u010dni procesorski kotlovi model TK-Profesional 70kW-100kW &#8211; podna monta\u017ea Kotlovi TK-Profesional 70\u00f7100kW kao i ostali iz ove serije se proizvode po najstro\u017eim standardima sigurnosti EU.&hellip;<\/p>","protected":false},"author":1,"featured_media":0,"parent":0,"menu_order":0,"comment_status":"closed","ping_status":"closed","template":"","meta":{"ngg_post_thumbnail":0,"footnotes":""},"class_list":["post-932","page","type-page","status-publish","hentry"],"rttpg_featured_image_url":null,"rttpg_author":{"display_name":"Mikoterm","author_link":"https:\/\/mikoterm.com\/eng\/author\/mikotermelectronic\/"},"rttpg_comment":0,"rttpg_category":null,"rttpg_excerpt":"Elektri\u010dni procesorski kotlovi model TK-Profesional 70kW-100kW - podna monta\u017ea Kotlovi TK-Profesional 70\u00f7100kW kao i ostali iz ove serije se proizvode po najstro\u017eim standardima sigurnosti EU.&hellip;","_links":{"self":[{"href":"https:\/\/mikoterm.com\/eng\/wp-json\/wp\/v2\/pages\/932","targetHints":{"allow":["GET"]}}],"collection":[{"href":"https:\/\/mikoterm.com\/eng\/wp-json\/wp\/v2\/pages"}],"about":[{"href":"https:\/\/mikoterm.com\/eng\/wp-json\/wp\/v2\/types\/page"}],"author":[{"embeddable":true,"href":"https:\/\/mikoterm.com\/eng\/wp-json\/wp\/v2\/users\/1"}],"replies":[{"embeddable":true,"href":"https:\/\/mikoterm.com\/eng\/wp-json\/wp\/v2\/comments?post=932"}],"version-history":[{"count":97,"href":"https:\/\/mikoterm.com\/eng\/wp-json\/wp\/v2\/pages\/932\/revisions"}],"predecessor-version":[{"id":9872,"href":"https:\/\/mikoterm.com\/eng\/wp-json\/wp\/v2\/pages\/932\/revisions\/9872"}],"wp:attachment":[{"href":"https:\/\/mikoterm.com\/eng\/wp-json\/wp\/v2\/media?parent=932"}],"curies":[{"name":"wp","href":"https:\/\/api.w.org\/{rel}","templated":true}]}}