{"id":752,"date":"2018-11-09T11:45:22","date_gmt":"2018-11-09T11:45:22","guid":{"rendered":"https:\/\/mikoterm.com\/?page_id=752"},"modified":"2025-06-27T14:27:24","modified_gmt":"2025-06-27T14:27:24","slug":"blok-kotlovi","status":"publish","type":"page","link":"https:\/\/mikoterm.com\/eng\/block-boilers\/","title":{"rendered":"BLOCK BOILERS"},"content":{"rendered":"<div id=\"pl-752\"  class=\"panel-layout\" ><div id=\"pg-752-0\"  class=\"panel-grid panel-no-style\" ><div id=\"pgc-752-0-0\"  class=\"panel-grid-cell panel-grid-cell-empty\" ><\/div><div id=\"pgc-752-0-1\"  class=\"panel-grid-cell panel-grid-cell-mobile-last\" ><div id=\"panel-752-0-1-0\" class=\"so-panel widget widget_sow-editor panel-first-child widgetopts-SO\" data-index=\"0\" ><div\n\t\t\t\n\t\t\tclass=\"so-widget-sow-editor so-widget-sow-editor-base\"\n\t\t\t\n\t\t>\n<div class=\"siteorigin-widget-tinymce textwidget\">\n\t<h1 style=\"text-align: center;\">Block Boilers - Compact Heating Solutions Mikoterm<\/h1>\n<p align=\"justify\">There are three models of block boilers, namely the electric block boiler model eCompactPlus 6kW-27kW, the processor block boiler model mTronic7000 6kW-24kw and the processor block boiler model eCompact wall-mounted 6kW-16kW.<\/p>\n<p>&nbsp;<\/p>\n<\/div>\n<\/div><\/div><div id=\"panel-752-0-1-1\" class=\"widget_text so-panel widget widget_custom_html panel-last-child widgetopts-SO\" data-index=\"1\" ><div class=\"textwidget custom-html-widget\">\r\n\t\t\t\t\t\n\r\n\t\t\t\t\t<!-- START UNITE GALLERY 1.7.62 -->\r\n\t\t\t\t\t\r\n\t\t\t\t\n\n\t\t\t<div id='unitegallery_16_1' class='unite-gallery' style='margin:0px auto;'>\n\t\t\t\t\n\n\t\t\t\t\t\t<img decoding=\"async\" alt=\"Pogled na mTronic 7000 sa strane.\"\n\t\t\t\t\t\t     src=\"\" data-image=\"https:\/\/media.mikoterm.com\/2020\/10\/mT-2.png\"\n\t\t\t\t\t\t     data-thumb=\"https:\/\/media.mikoterm.com\/2020\/10\/mT-2.png\"\n\t\t\t\t\t\t     title=\"\"\n\t\t\t\t\t\t     data-title=\"mTronic 7000 sa strane\"\n\t\t\t\t\t\t     style=\"display:none\">\n\n\t\t\t\t\t\t<img decoding=\"async\" alt=\"Pogled na mTronic 7000 koji je postavljen i montiran.\"\n\t\t\t\t\t\t     src=\"\" data-image=\"https:\/\/media.mikoterm.com\/2023\/04\/nTronic2.jpg\"\n\t\t\t\t\t\t     data-thumb=\"https:\/\/media.mikoterm.com\/2023\/04\/nTronic2.jpg\"\n\t\t\t\t\t\t     title=\"\"\n\t\t\t\t\t\t     data-title=\"mTronic 7000 postavljen\"\n\t\t\t\t\t\t     style=\"display:none\">\n\n\t\t\t\t\t\t<img decoding=\"async\" alt=\"Uzidni blok kotao, pogled sa prednje strane.\"\n\t\t\t\t\t\t     src=\"\" data-image=\"https:\/\/media.mikoterm.com\/2024\/04\/uz2024-1.png\"\n\t\t\t\t\t\t     data-thumb=\"https:\/\/media.mikoterm.com\/2024\/04\/uz2024-1.png\"\n\t\t\t\t\t\t     title=\"\"\n\t\t\t\t\t\t     data-title=\"Blok kotao uzidni.\"\n\t\t\t\t\t\t     style=\"display:none\">\n\n\t\t\t\t\t\t<img decoding=\"async\" alt=\"Pogled na eCompact UZ iznutra.\"\n\t\t\t\t\t\t     src=\"\" data-image=\"https:\/\/media.mikoterm.com\/2024\/04\/uz2024-3.png\"\n\t\t\t\t\t\t     data-thumb=\"https:\/\/media.mikoterm.com\/2024\/04\/uz2024-3.png\"\n\t\t\t\t\t\t     title=\"\"\n\t\t\t\t\t\t     data-title=\"eCompact UZ Unutra\"\n\t\t\t\t\t\t     style=\"display:none\">\n\n\t\t\t\t\t\t<img decoding=\"async\" alt=\"Pogled na eCompact Plus sa ekspanzionim sudom, montiran.\"\n\t\t\t\t\t\t     src=\"\" data-image=\"https:\/\/media.mikoterm.com\/2023\/04\/eCompact-Plus.jpg\"\n\t\t\t\t\t\t     data-thumb=\"https:\/\/media.mikoterm.com\/2023\/04\/eCompact-Plus.jpg\"\n\t\t\t\t\t\t     title=\"\"\n\t\t\t\t\t\t     data-title=\"eCompact Plus sa eskpanzionim sudom\"\n\t\t\t\t\t\t     style=\"display:none\">\n\n\t\t\t\t\t\t<img decoding=\"async\" alt=\"Pogled na mTronic 7000 sa strane.\"\n\t\t\t\t\t\t     src=\"\" data-image=\"https:\/\/media.mikoterm.com\/2020\/10\/mT6.png\"\n\t\t\t\t\t\t     data-thumb=\"https:\/\/media.mikoterm.com\/2020\/10\/mT6.png\"\n\t\t\t\t\t\t     title=\"\"\n\t\t\t\t\t\t     data-title=\"mTronic 7000 postrance\"\n\t\t\t\t\t\t     style=\"display:none\">\n\n\t\t\t\t\t\t<img decoding=\"async\" alt=\"Pogled na procesorski blok kotao mTronic 7000 postavljen i montiran\"\n\t\t\t\t\t\t     src=\"\" data-image=\"https:\/\/media.mikoterm.com\/2023\/04\/mTronic1.jpg\"\n\t\t\t\t\t\t     data-thumb=\"https:\/\/media.mikoterm.com\/2023\/04\/mTronic1.jpg\"\n\t\t\t\t\t\t     title=\"\"\n\t\t\t\t\t\t     data-title=\"mTronic 7000 postavljen i montiran\"\n\t\t\t\t\t\t     style=\"display:none\">\n\n\t\t\t\t\t\t<img decoding=\"async\" alt=\"Render prikaz mTronic 7000 elektri\u010dnog blok kotla.\"\n\t\t\t\t\t\t     src=\"\" data-image=\"https:\/\/media.mikoterm.com\/2020\/10\/mT-3.png\"\n\t\t\t\t\t\t     data-thumb=\"https:\/\/media.mikoterm.com\/2020\/10\/mT-3.png\"\n\t\t\t\t\t\t     title=\"\"\n\t\t\t\t\t\t     data-title=\"mTronic 7000 render\"\n\t\t\t\t\t\t     style=\"display:none\">\n\n\t\t\t\t\t\t<img decoding=\"async\" alt=\"Pogled na eCompact UZ sa razdelnikom, iznutra.\"\n\t\t\t\t\t\t     src=\"\" data-image=\"https:\/\/media.mikoterm.com\/2024\/04\/uz2024-4.png\"\n\t\t\t\t\t\t     data-thumb=\"https:\/\/media.mikoterm.com\/2024\/04\/uz2024-4.png\"\n\t\t\t\t\t\t     title=\"\"\n\t\t\t\t\t\t     data-title=\"eCompact UZ sa razdelnikom\"\n\t\t\t\t\t\t     style=\"display:none\">\n\n\t\t\t\t\t\t<img decoding=\"async\" alt=\"Pogled na eCompact Plus postrance.\"\n\t\t\t\t\t\t     src=\"\" data-image=\"https:\/\/media.mikoterm.com\/2021\/12\/eCPnew1-8606026610050860602661006786060266100748606026610081860602661009886060266101048606026611132.png\"\n\t\t\t\t\t\t     data-thumb=\"https:\/\/media.mikoterm.com\/2021\/12\/eCPnew1-8606026610050860602661006786060266100748606026610081860602661009886060266101048606026611132.png\"\n\t\t\t\t\t\t     title=\"\"\n\t\t\t\t\t\t     data-title=\"eCompact Plus postrance\"\n\t\t\t\t\t\t     style=\"display:none\">\n\n\t\t\t\t\t\t<img decoding=\"async\" alt=\"Render prikaz eCompact Plus blok kotla za grejanje.\"\n\t\t\t\t\t\t     src=\"\" data-image=\"https:\/\/media.mikoterm.com\/2021\/12\/eCPnew2-8606026610050860602661006786060266100748606026610081860602661009886060266101048606026611132.png\"\n\t\t\t\t\t\t     data-thumb=\"https:\/\/media.mikoterm.com\/2021\/12\/eCPnew2-8606026610050860602661006786060266100748606026610081860602661009886060266101048606026611132.png\"\n\t\t\t\t\t\t     title=\"\"\n\t\t\t\t\t\t     data-title=\"eCompact Plus render\"\n\t\t\t\t\t\t     style=\"display:none\">\n\t\t\t<\/div>\n\n\t\t\t<script type='text\/javascript'>\n\t\t\t\twindow.onload = function(e) {\n\t\t\t\t\tif(typeof ugCheckForErrors == \"undefined\"){\n\t\t\t\t\t\tdocument.getElementById(\"unitegallery_16_1\").innerHTML = \"<span style='color:red'>Unite Gallery Error - gallery js and css files not included in the footer. Please make sure that wp_footer() function is added to your theme.<\/span>\";}\n\t\t\t\t\telse{ ugCheckForErrors(\"unitegallery_16_1\", \"jquery\");}\n\t\t\t\t};\n\t\t\t<\/script>\n\n\t\t\t<!-- END UNITEGALLERY --><\/div><\/div><\/div><div id=\"pgc-752-0-2\"  class=\"panel-grid-cell panel-grid-cell-empty\" ><\/div><\/div><div id=\"pg-752-1\"  class=\"panel-grid panel-no-style\" ><div id=\"pgc-752-1-0\"  class=\"panel-grid-cell panel-grid-cell-empty\" ><\/div><div id=\"pgc-752-1-1\"  class=\"panel-grid-cell\" ><div id=\"panel-752-1-1-0\" class=\"so-panel widget widget_sow-image panel-first-child panel-last-child widgetopts-SO\" data-index=\"2\" ><div class=\"panel-widget-style panel-widget-style-for-752-1-1-0\" ><div\n\t\t\t\n\t\t\tclass=\"so-widget-sow-image so-widget-sow-image-default-113ccd71f3e6-752\"\n\t\t\t\n\t\t><h3 class=\"widget-title\">Processor block boilers model-mTronic 7000 6kw - 24kW high wall mount<\/h3>\n<div class=\"sow-image-container\">\n\t\t\t<a href=\"https:\/\/mikoterm.com\/eng\/processor-block-boilers-model-mtronic-7000-6kw-24kw-high-wall-mounting\/\"\n\t\t\t\t\t>\n\t\t\t<img \n\tsrc=\"https:\/\/media.mikoterm.com\/2020\/10\/mT-naslovna.png\" width=\"199\" height=\"300\" sizes=\"(max-width: 199px) 100vw, 199px\" title=\"Processor block boilers model-mTronic 7000 6kw - 24kW high wall mount\" alt=\"Processor block boilers model-mTronic 7000 6kw - 24kW high wall mount\" \t\tclass=\"so-widget-image\"\/>\n\t\t\t<\/a><\/div>\n\n<\/div><\/div><\/div><\/div><div id=\"pgc-752-1-2\"  class=\"panel-grid-cell\" ><div id=\"panel-752-1-2-0\" class=\"so-panel widget widget_sow-image panel-first-child panel-last-child widgetopts-SO\" data-index=\"3\" ><div class=\"panel-widget-style panel-widget-style-for-752-1-2-0\" ><div\n\t\t\t\n\t\t\tclass=\"so-widget-sow-image so-widget-sow-image-default-113ccd71f3e6-752\"\n\t\t\t\n\t\t><h3 class=\"widget-title\">Processor block boilers model-eCOMPACT with 6kw - 16kw wall mounting<\/h3>\n<div class=\"sow-image-container\">\n\t\t\t<a href=\"https:\/\/mikoterm.com\/eng\/processor-block-boilers-model-ecompact-uz-6kw-16kw-wall-mounting\/\"\n\t\t\t\t\t>\n\t\t\t<img \n\tsrc=\"https:\/\/media.mikoterm.com\/2024\/04\/Uz-kraci-close.png\" width=\"150\" height=\"300\" sizes=\"(max-width: 150px) 100vw, 150px\" title=\"Processor block boilers model-eCOMPACT with 6kw - 16kw wall mounting\" alt=\"Procesorski blok kotlovi model - eCOMPACT UZ 6kw - 16kw Uzidna monta\u017ea. Render prikaz procesorskog blok kotla.\" \t\tclass=\"so-widget-image\"\/>\n\t\t\t<\/a><\/div>\n\n<\/div><\/div><\/div><\/div><div id=\"pgc-752-1-3\"  class=\"panel-grid-cell panel-grid-cell-mobile-last\" ><div id=\"panel-752-1-3-0\" class=\"so-panel widget widget_sow-image panel-first-child panel-last-child widgetopts-SO\" data-index=\"4\" ><div class=\"panel-widget-style panel-widget-style-for-752-1-3-0\" ><div\n\t\t\t\n\t\t\tclass=\"so-widget-sow-image so-widget-sow-image-default-113ccd71f3e6-752\"\n\t\t\t\n\t\t><h3 class=\"widget-title\">Electric block boilers model-eCOMPACT Plus 6kW-27kw high wall mounting<\/h3>\n<div class=\"sow-image-container\">\n\t\t\t<a href=\"https:\/\/mikoterm.com\/eng\/electric-block-boilers-model-ecompact-plus-6kw-27kw-high-wall-mounting\/\"\n\t\t\t\t\t>\n\t\t\t<img \n\tsrc=\"https:\/\/media.mikoterm.com\/2021\/12\/eCP-naslovna2-1.png\" width=\"191\" height=\"300\" sizes=\"(max-width: 191px) 100vw, 191px\" title=\"Electric block boilers model-eCOMPACT Plus 6kW-27kw high wall mounting\" alt=\"Elektri\u010dni blok kotlovi model - eCOMPACT Plus 6kW - 27kW Visoka zidna monta\u017ea. Jo\u0161 jedan render prikaza jednog od Mikoterm procesorksih blok kotlova.\" \t\tclass=\"so-widget-image\"\/>\n\t\t\t<\/a><\/div>\n\n<\/div><\/div><\/div><\/div><div id=\"pgc-752-1-4\"  class=\"panel-grid-cell panel-grid-cell-empty\" ><\/div><\/div><\/div>","protected":false},"excerpt":{"rendered":"<p>Blok Kotlovi \u2013 Kompaktna Grejna Re\u0161enja Mikoterm Postoje tri modela blok kotlova i to elektri\u010dni blok kotao model eCompactPlus 6kW-27kW, procesorski blok kotao model mTronic7000&hellip;<\/p>","protected":false},"author":1,"featured_media":0,"parent":0,"menu_order":0,"comment_status":"closed","ping_status":"closed","template":"","meta":{"ngg_post_thumbnail":0,"footnotes":""},"class_list":["post-752","page","type-page","status-publish","hentry"],"rttpg_featured_image_url":null,"rttpg_author":{"display_name":"Mikoterm","author_link":"https:\/\/mikoterm.com\/eng\/author\/mikotermelectronic\/"},"rttpg_comment":0,"rttpg_category":null,"rttpg_excerpt":"Blok Kotlovi \u2013 Kompaktna Grejna Re\u0161enja Mikoterm Postoje tri modela blok kotlova i to elektri\u010dni blok kotao model eCompactPlus 6kW-27kW, procesorski blok kotao model mTronic7000&hellip;","_links":{"self":[{"href":"https:\/\/mikoterm.com\/eng\/wp-json\/wp\/v2\/pages\/752","targetHints":{"allow":["GET"]}}],"collection":[{"href":"https:\/\/mikoterm.com\/eng\/wp-json\/wp\/v2\/pages"}],"about":[{"href":"https:\/\/mikoterm.com\/eng\/wp-json\/wp\/v2\/types\/page"}],"author":[{"embeddable":true,"href":"https:\/\/mikoterm.com\/eng\/wp-json\/wp\/v2\/users\/1"}],"replies":[{"embeddable":true,"href":"https:\/\/mikoterm.com\/eng\/wp-json\/wp\/v2\/comments?post=752"}],"version-history":[{"count":97,"href":"https:\/\/mikoterm.com\/eng\/wp-json\/wp\/v2\/pages\/752\/revisions"}],"predecessor-version":[{"id":9726,"href":"https:\/\/mikoterm.com\/eng\/wp-json\/wp\/v2\/pages\/752\/revisions\/9726"}],"wp:attachment":[{"href":"https:\/\/mikoterm.com\/eng\/wp-json\/wp\/v2\/media?parent=752"}],"curies":[{"name":"wp","href":"https:\/\/api.w.org\/{rel}","templated":true}]}}