{"id":625,"date":"2018-11-07T07:17:37","date_gmt":"2018-11-07T07:17:37","guid":{"rendered":"https:\/\/mikoterm.com\/?page_id=625"},"modified":"2026-01-19T13:45:24","modified_gmt":"2026-01-19T13:45:24","slug":"elektricni-kotlovi","status":"publish","type":"page","link":"https:\/\/mikoterm.com\/eng\/electric-boilers-2\/","title":{"rendered":"ELECTRIC BOILERS"},"content":{"rendered":"<div id=\"pl-625\"  class=\"panel-layout\" ><div id=\"pg-625-0\"  class=\"panel-grid panel-no-style\" ><div id=\"pgc-625-0-0\"  class=\"panel-grid-cell panel-grid-cell-empty\" ><\/div><div id=\"pgc-625-0-1\"  class=\"panel-grid-cell\" ><div id=\"panel-625-0-1-0\" class=\"so-panel widget widget_sow-editor panel-first-child panel-last-child widgetopts-SO\" data-index=\"0\" ><div\n\t\t\t\n\t\t\tclass=\"so-widget-sow-editor so-widget-sow-editor-base\"\n\t\t\t\n\t\t>\n<div class=\"siteorigin-widget-tinymce textwidget\">\n\t<h1 style=\"text-align: center;\"><strong>Elektri\u010dni kotlovi za efikasno grejanje<\/strong><\/h1>\n<h5 align=\"justify\">Mikoterm DOO proizvodi elektri\u010dne kotlove razli\u010ditih snaga, koji su pogodni za zagrevanje objekata razli\u010ditih veli\u010dina. U ponudi imamo elektri\u010dne kotlove snage od 6kW-240kW, mogu\u0107e su i specijalne porud\u017ebine za elektri\u010dne kotlove snage preko 240kW. Tehni\u010dke karakteristike i projektne detalje mo\u017eete pogledati po grupama.<br \/>\nMikoterm za proizvodnju svih ure\u0111aja koristi najsavremenije ma\u0161ine i alate za obradu i za\u0161titu lima, \u0161to garantuje vrhunsku preciznost, izuzetnu zavr\u0161nu obradu i dugotrajnost svih ma\u0161inskih delova. Funkcionalan i savremen dizajn je za\u0161titni znak na\u0161ih ure\u0111aja.<br \/>\nElektri\u010dne instalacije u svim kotlovima izvedene su uz po\u0161tovanje svih va\u017ee\u0107ih propisa EU, a sve ugradjene komponente su proizvodi renomiranih doma\u0107ih i evropskih firmi, pa\u017eljivo birane tokom vi\u0161e od 30 godina na\u0161eg poslovanja i stalnog unapre\u0111ivanja i razvoja proizvoda.<br \/>\nSvi kotlovi iz Mikoterm ponude su opremljeni mikroprocesorskim termoregulatorima koji su u potpunosti rezultat na\u0161eg razvoja i proizvodnje \u2013 od ideje do realizacije.<br \/>\nSvaki kotao se na zavr\u0161noj stanici monta\u017ee u potpunosti funkcionalno ispituje, \u010dime je garantovan kvalitet svakog ure\u0111aja koji iz Mikoterma krene ka svom budu\u0107em vlasniku. Naravno, za svaki kotao Mikoterm daje i pisanu garanciju za period od 25 meseci.<br \/>\n<a href=\"https:\/\/mikoterm.com\/standardi-i-sertifikati\/\" target=\"_blank\" rel=\"noopener\">Mikoterm doo primenjuje medjunarodni sistem upravljanja kvalitetom ISO 9001 kao i ISO 14001 i ISO 45001, sertifikovane od strane renomiranog sertifikacionog tela TUV NORD. Svi kotlovi poseduju odgovaraju\u0107e izjave o usagla\u0161enosti (ateste).<\/a><\/h5>\n<\/div>\n<\/div><\/div><\/div><div id=\"pgc-625-0-2\"  class=\"panel-grid-cell panel-grid-cell-mobile-last\" ><div id=\"panel-625-0-2-0\" class=\"so-panel widget widget_sow-editor panel-first-child panel-last-child widgetopts-SO\" data-index=\"1\" ><div\n\t\t\t\n\t\t\tclass=\"so-widget-sow-editor so-widget-sow-editor-base\"\n\t\t\t\n\t\t>\n<div class=\"siteorigin-widget-tinymce textwidget\">\n\t<h5 style=\"text-align: center;\">\n<style>@media (max-width:480px){#cp_calculatedfieldsf_pform_1{min-height:1120px;}}@media (max-width:768px){#cp_calculatedfieldsf_pform_1{min-height:664px;}}@media (max-width:1024px){#cp_calculatedfieldsf_pform_1{min-height:775px;}}@media (min-width:1024px){#cp_calculatedfieldsf_pform_1{min-height:559px;}}<\/style>\n<form name=\"cp_calculatedfieldsf_pform_1\" id=\"cp_calculatedfieldsf_pform_1\" action=\"https:\/\/mikoterm.com\/eng\/electric-boilers-2\/\" method=\"post\" enctype=\"multipart\/form-data\" onsubmit=\"return fbuilderjQuery.fbuilder.doValidate(this);\" class=\"cff-form no-prefetch  cff-form-1 cp_cff_elegant\"  dir=\"ltr\" data-nonce=\"12bb63f4f9\">\n<input type=\"hidden\" name=\"cp_calculatedfieldsf_pform_psequence\" value=\"_1\" \/><br \/>\n<input type=\"hidden\" name=\"cp_calculatedfieldsf_id\" value=\"1\" \/><br \/>\n<input type=\"hidden\" name=\"cp_ref_page\" value=\"https:\/\/mikoterm.com\" \/><\/p>\n<pre style=\"display:none !important;\"><script data-category=\"functional\" type=\"text\/javascript\">form_structure_1=[[{\"form_identifier\":\"\",\"name\":\"fieldname2\",\"fieldlayout\":\"default\",\"shortlabel\":\"\",\"index\":0,\"ftype\":\"fnumber\",\"userhelp\":\"\",\"audiotutorial\":\"\",\"userhelpTooltip\":false,\"tooltipIcon\":false,\"csslayout\":\"\",\"title\":\"Povr\\u0161ina objekta (m2)\",\"predefined\":\"100\",\"predefinedClick\":false,\"required\":true,\"exclude\":false,\"readonly\":false,\"numberpad\":false,\"spinner\":false,\"size\":\"small\",\"prefix\":\"\",\"postfix\":\"\",\"thousandSeparator\":\"\",\"decimalSymbol\":\".\",\"min\":\"25\",\"max\":\"\",\"step\":\"\",\"formatDynamically\":false,\"dformat\":\"number\",\"formats\":[\"digits\",\"number\",\"percent\"],\"fBuild\":{},\"parent\":\"\"},{\"form_identifier\":\"\",\"name\":\"fieldname6\",\"fieldlayout\":\"default\",\"shortlabel\":\"\",\"index\":1,\"ftype\":\"fnumber\",\"userhelp\":\"\",\"audiotutorial\":\"\",\"userhelpTooltip\":false,\"tooltipIcon\":false,\"csslayout\":\"\",\"title\":\"Visina tavanice (m)\",\"predefined\":\"2.5\",\"predefinedClick\":false,\"required\":true,\"exclude\":false,\"readonly\":false,\"numberpad\":false,\"spinner\":false,\"size\":\"small\",\"prefix\":\"\",\"postfix\":\"\",\"thousandSeparator\":\"\",\"decimalSymbol\":\"\",\"min\":\"2\",\"max\":\"\",\"step\":\"\",\"formatDynamically\":true,\"dformat\":\"number\",\"formats\":[\"digits\",\"number\",\"percent\"],\"fBuild\":{},\"parent\":\"\"},{\"form_identifier\":\"\",\"name\":\"fieldname11\",\"fieldlayout\":\"default\",\"shortlabel\":\"\",\"index\":2,\"ftype\":\"fdropdown\",\"userhelp\":\"\",\"audiotutorial\":\"\",\"userhelpTooltip\":false,\"tooltipIcon\":false,\"csslayout\":\"\",\"title\":\"Izaberite stepen izolacije i vrstu objekta\",\"size\":\"medium\",\"required\":true,\"exclude\":false,\"toSubmit\":\"text\",\"merge\":0,\"choiceSelected\":\"\",\"select2\":false,\"multiple\":false,\"first_choice\":false,\"first_choice_text\":\"\",\"vChoices\":1,\"showDep\":false,\"choices\":[\"dobra izolacija-stan\",\"srednja izolacija-stan\",\"lo\\u0161a izolacija-stan\",\"dobra izolacija-ku\\u0107a\",\"srednja izolacija-ku\\u0107a\",\"lo\\u0161a izolacija-ku\\u0107a\"],\"optgroup\":[false,false,false,false,false,false],\"choicesVal\":[\"0.05\",\"0.06\",\"0.07\",\"0.06\",\"0.07\",\"0.08\"],\"choicesDep\":[[],[],[],[],[],[\"\"]],\"fBuild\":{},\"parent\":\"\"},{\"dependencies\":[{\"rule\":\"\",\"complex\":false,\"fields\":[\"\"]}],\"form_identifier\":\"\",\"name\":\"fieldname12\",\"fieldlayout\":\"default\",\"shortlabel\":\"\",\"index\":3,\"ftype\":\"fCalculated\",\"userhelp\":\"\",\"audiotutorial\":\"\",\"userhelpTooltip\":false,\"tooltipIcon\":false,\"csslayout\":\"\",\"title\":\"Snaga kotla koja je potrebna za va\\u0161 objekat je pribli\\u017eno (kW)\",\"predefined\":\"\",\"required\":false,\"exclude\":false,\"size\":\"small\",\"eq\":\"fieldname6*fieldname2*fieldname11\",\"min\":\"\",\"max\":\"\",\"suffix\":\"\",\"prefix\":\"\",\"decimalsymbol\":\".\",\"groupingsymbol\":\",\",\"readonly\":true,\"currency\":false,\"noEvalIfManual\":true,\"formatDynamically\":false,\"dynamicEval\":true,\"hidefield\":false,\"validate\":false,\"toolbar\":\"default|mathematical\",\"fBuild\":{},\"parent\":\"\"}],{\"0\":{\"title\":\"\",\"description\":\"KALKULATOR POTREBNE SNAGE KOTLA\",\"formlayout\":\"top_aligned\",\"formtemplate\":\"cp_cff_elegant\",\"evalequations\":1,\"evalequationsevent\":\"2\",\"autocomplete\":1,\"persistence\":0,\"customstyles\":\"\",\"titletag\":\"H2\",\"textalign\":\"default\",\"headertextcolor\":\"\",\"evalequations_delay\":0,\"direction\":\"ltr\",\"loading_animation\":0,\"animate_form\":0,\"animation_effect\":\"fade\"},\"formid\":\"cp_calculatedfieldsf_pform_1\"}];<\/script><\/pre>\n<div id=\"fbuilder\">\n<div id=\"fbuilder_1\">\n<div id=\"formheader_1\"><\/div>\n<div id=\"fieldlist_1\"><\/div>\n<div class=\"clearer\"><\/div>\n<\/p><\/div>\n<\/div>\n<div class=\"clearer\"><\/div>\n<p>\t<input type=\"hidden\" id=\"_cpcff_public_nonce\" name=\"_cpcff_public_nonce\" value=\"5b340458c2\" \/><input type=\"hidden\" name=\"_wp_http_referer\" value=\"\/eng\/wp-json\/wp\/v2\/pages\/625\" \/><input type=\"hidden\" name=\"cff_form_start_time\" value=\"vPII5HwfeXbA9iQeWYX9yQ==\"><\/form>\n<\/h5>\n<h6 style=\"text-align: center;\" align=\"justify\"><strong>NAPOMENA* <\/strong>Vrednost snage kotla dobijena kalkulatorom je informativnog karaktera, za odre\u0111ivanje ta\u010dne potrebne snage kotla konsultujte projektanta ili instalatera grejnih instalacija<\/h6>\n<\/div>\n<\/div><\/div><\/div><div id=\"pgc-625-0-3\"  class=\"panel-grid-cell panel-grid-cell-empty\" ><\/div><\/div><div id=\"pg-625-1\"  class=\"panel-grid panel-has-style\" ><div class=\"panel-row-style panel-row-style-for-625-1\" ><div id=\"pgc-625-1-0\"  class=\"panel-grid-cell panel-grid-cell-empty\" ><\/div><div id=\"pgc-625-1-1\"  class=\"panel-grid-cell\" ><div id=\"panel-625-1-1-0\" class=\"so-panel widget widget_sow-image panel-first-child panel-last-child widgetopts-SO\" data-index=\"2\" ><div\n\t\t\t\n\t\t\tclass=\"so-widget-sow-image so-widget-sow-image-default-113ccd71f3e6-625\"\n\t\t\t\n\t\t><h3 class=\"widget-title\">KOTLOVI KLASI\u010cNI<\/h3>\n<div class=\"sow-image-container\">\n\t\t\t<a href=\"https:\/\/mikoterm.com\/klasicni-kotlovi\/\"\n\t\t\t\t\t>\n\t\t\t<img \n\tsrc=\"https:\/\/media.mikoterm.com\/2022\/06\/Slika-klasicni-kotlovi.jpg\" width=\"263\" height=\"300\" sizes=\"(max-width: 263px) 100vw, 263px\" title=\"KOTLOVI KLASI\u010cNI\" alt=\"Klasi\u010dni kotlovi iz Mikoterm ponude. \" \t\tclass=\"so-widget-image\"\/>\n\t\t\t<\/a><\/div>\n\n<\/div><\/div><\/div><div id=\"pgc-625-1-2\"  class=\"panel-grid-cell\" ><div id=\"panel-625-1-2-0\" class=\"so-panel widget widget_sow-image panel-first-child panel-last-child widgetopts-SO\" data-index=\"3\" ><div\n\t\t\t\n\t\t\tclass=\"so-widget-sow-image so-widget-sow-image-default-113ccd71f3e6-625\"\n\t\t\t\n\t\t><h3 class=\"widget-title\">BLOK KOTLOVI<\/h3>\n<div class=\"sow-image-container\">\n\t\t\t<a href=\"https:\/\/mikoterm.com\/blok-kotlovi\/\"\n\t\t\t\t\t>\n\t\t\t<img \n\tsrc=\"https:\/\/media.mikoterm.com\/2023\/11\/Slika-mTronic-ram.jpg\" width=\"263\" height=\"300\" sizes=\"(max-width: 263px) 100vw, 263px\" title=\"BLOK KOTLOVI\" alt=\"Jedan od mnogih blok kotlova iz Mikoterm ponude za grejanje i podno grejanje.\" \t\tclass=\"so-widget-image\"\/>\n\t\t\t<\/a><\/div>\n\n<\/div><\/div><\/div><div id=\"pgc-625-1-3\"  class=\"panel-grid-cell\" ><div id=\"panel-625-1-3-0\" class=\"so-panel widget widget_sow-image panel-first-child panel-last-child widgetopts-SO\" data-index=\"4\" ><div\n\t\t\t\n\t\t\tclass=\"so-widget-sow-image so-widget-sow-image-default-113ccd71f3e6-625\"\n\t\t\t\n\t\t><h3 class=\"widget-title\">KOTLOVI VELIKE SNAGE<\/h3>\n<div class=\"sow-image-container\">\n\t\t\t<a href=\"https:\/\/mikoterm.com\/kotlovi-velike-snage\/\"\n\t\t\t\t\t>\n\t\t\t<img \n\tsrc=\"https:\/\/media.mikoterm.com\/2023\/11\/Slika-TK-Profesional.jpg\" width=\"263\" height=\"300\" sizes=\"(max-width: 263px) 100vw, 263px\" title=\"KOTLOVI VELIKE SNAGE\" alt=\"Mikoterm elektir\u010dni kotlovi velike snage.\" \t\tclass=\"so-widget-image\"\/>\n\t\t\t<\/a><\/div>\n\n<\/div><\/div><\/div><div id=\"pgc-625-1-4\"  class=\"panel-grid-cell panel-grid-cell-mobile-last\" ><div id=\"panel-625-1-4-0\" class=\"so-panel widget widget_sow-image panel-first-child panel-last-child widgetopts-SO\" data-index=\"5\" ><div\n\t\t\t\n\t\t\tclass=\"so-widget-sow-image so-widget-sow-image-default-113ccd71f3e6-625\"\n\t\t\t\n\t\t><h3 class=\"widget-title\">PODR\u0160KA TOPLOTNE PUMPE<\/h3>\n<div class=\"sow-image-container\">\n\t\t\t<a href=\"https:\/\/mikoterm.com\/elektricni-kotlovi-model-tk-elg-6kw-zidna-montaza\/\"\n\t\t\t\t\t>\n\t\t\t<img \n\tsrc=\"https:\/\/media.mikoterm.com\/2024\/11\/eLG-u-ramu-2024.png\" width=\"263\" height=\"300\" sizes=\"(max-width: 263px) 100vw, 263px\" title=\"PODR\u0160KA TOPLOTNE PUMPE\" alt=\"Kotlovi koji slu\u017ee da podr\u017eavaju toplotne pumpe, da upotpune sistem.\" \t\tclass=\"so-widget-image\"\/>\n\t\t\t<\/a><\/div>\n\n<\/div><\/div><\/div><div id=\"pgc-625-1-5\"  class=\"panel-grid-cell panel-grid-cell-empty\" ><\/div><\/div><\/div><\/div>","protected":false},"excerpt":{"rendered":"<p>Elektri\u010dni kotlovi za efikasno grejanje Mikoterm DOO proizvodi elektri\u010dne kotlove razli\u010ditih snaga, koji su pogodni za zagrevanje objekata razli\u010ditih veli\u010dina. U ponudi imamo elektri\u010dne kotlove&hellip;<\/p>","protected":false},"author":1,"featured_media":0,"parent":0,"menu_order":0,"comment_status":"closed","ping_status":"closed","template":"","meta":{"ngg_post_thumbnail":0,"footnotes":""},"class_list":["post-625","page","type-page","status-publish","hentry"],"rttpg_featured_image_url":null,"rttpg_author":{"display_name":"Mikoterm","author_link":"https:\/\/mikoterm.com\/eng\/author\/mikotermelectronic\/"},"rttpg_comment":0,"rttpg_category":null,"rttpg_excerpt":"Elektri\u010dni kotlovi za efikasno grejanje Mikoterm DOO proizvodi elektri\u010dne kotlove razli\u010ditih snaga, koji su pogodni za zagrevanje objekata razli\u010ditih veli\u010dina. U ponudi imamo elektri\u010dne kotlove&hellip;","_links":{"self":[{"href":"https:\/\/mikoterm.com\/eng\/wp-json\/wp\/v2\/pages\/625","targetHints":{"allow":["GET"]}}],"collection":[{"href":"https:\/\/mikoterm.com\/eng\/wp-json\/wp\/v2\/pages"}],"about":[{"href":"https:\/\/mikoterm.com\/eng\/wp-json\/wp\/v2\/types\/page"}],"author":[{"embeddable":true,"href":"https:\/\/mikoterm.com\/eng\/wp-json\/wp\/v2\/users\/1"}],"replies":[{"embeddable":true,"href":"https:\/\/mikoterm.com\/eng\/wp-json\/wp\/v2\/comments?post=625"}],"version-history":[{"count":214,"href":"https:\/\/mikoterm.com\/eng\/wp-json\/wp\/v2\/pages\/625\/revisions"}],"predecessor-version":[{"id":9866,"href":"https:\/\/mikoterm.com\/eng\/wp-json\/wp\/v2\/pages\/625\/revisions\/9866"}],"wp:attachment":[{"href":"https:\/\/mikoterm.com\/eng\/wp-json\/wp\/v2\/media?parent=625"}],"curies":[{"name":"wp","href":"https:\/\/api.w.org\/{rel}","templated":true}]}}