{"id":6239,"date":"2020-10-14T09:14:28","date_gmt":"2020-10-14T09:14:28","guid":{"rendered":"https:\/\/mikoterm.com\/?page_id=6239"},"modified":"2026-03-20T12:24:08","modified_gmt":"2026-03-20T12:24:08","slug":"procesorski-blok-kotlovi-model-mtronic-7000-6kw-24kw-visoka-zidna-montaza","status":"publish","type":"page","link":"https:\/\/mikoterm.com\/eng\/processor-block-boilers-model-mtronic-7000-6kw-24kw-high-wall-mounting\/","title":{"rendered":"Procesorski blok kotlovi model mTronic 7000 6kw &#8211; 24kw visoka zidna monta\u017ea"},"content":{"rendered":"<div id=\"pl-6239\"  class=\"panel-layout\" ><div id=\"pg-6239-0\"  class=\"panel-grid panel-no-style\" ><div id=\"pgc-6239-0-0\"  class=\"panel-grid-cell panel-grid-cell-empty\" ><\/div><div id=\"pgc-6239-0-1\"  class=\"panel-grid-cell panel-grid-cell-mobile-last\" ><div id=\"panel-6239-0-1-0\" class=\"so-panel widget widget_sow-editor panel-first-child panel-last-child widgetopts-SO\" data-index=\"0\" ><div\n\t\t\t\n\t\t\tclass=\"so-widget-sow-editor so-widget-sow-editor-base\"\n\t\t\t\n\t\t>\n<div class=\"siteorigin-widget-tinymce textwidget\">\n\t<h1 style=\"text-align: center;\">Processor block boilers model mTronic 7000 (6kW-24kW) - high wall mounting<\/h1>\n<h5 align=\"justify\">The new model <strong>mTronic 7000<\/strong> it is the most perfect electric boiler, derived from the eTronic 7000 model produced by Mikoterm for the German company Robert Bosch. Mikoterm designed and produced the boiler from the ground up. The biggest advantage is the user interface, the way of monitoring and protecting both the boiler and the parameters of the complete heating system. In this model, as in all other models of Mikoterm boilers, only quality components of renowned domestic and foreign manufacturers are installed: Siemens, Wilo, Wago, Benedict, ATA, Zilio, Finder, Caleffi, Sintermetal... Boiler management was carried out via a processing unit and a large LCD display. The processor unit provides monitoring of all essential characteristics of the boiler and the heating system itself (<strong><a href=\"https:\/\/www.youtube.com\/watch?v=CK0XY3b7IqA\" target=\"_blank\" rel=\"noopener\">video-description of CPU functions<\/a><\/strong>). This ensures safe and long-lasting operation of the boiler. The LCD display allows for clear and precise adjustment of vital parameters on the device. The setup is simplified to 4 soft touch buttons. Through the processing unit, the running time of each heater can be monitored separately, as well as the entire device. The operating mode can be set to normal and anti-freeze mode. The precise design also provides a very easy work for service providers and installers. The device has 4 degrees of protection and warning alarms if some parameters are in critical values (<a href=\"https:\/\/www.youtube.com\/watch?v=xojgs_9DkOg\" target=\"_blank\" rel=\"noopener\"><strong>video-errors and warnings CPU<\/strong><\/a>). <strong>the mTronic7000 is more advanced than the eTronic7000 for the following functions:<\/strong><\/h5>\n<ul>\n<li>\n<h5><strong>Possibility to choose priorities in work: heating or hot water preparation<\/strong><\/h5>\n<\/li>\n<li>\n<h5><strong>Frost protection of water in the system at low temperatures<\/strong><\/h5>\n<\/li>\n<li>\n<h5><strong>Selection of the modulation (reduction) level of engaged boiler power during operation, which contributes to lower electricity consumption<\/strong><\/h5>\n<\/li>\n<\/ul>\n<\/div>\n<\/div><\/div><\/div><div id=\"pgc-6239-0-2\"  class=\"panel-grid-cell panel-grid-cell-empty\" ><\/div><\/div><div id=\"pg-6239-1\"  class=\"panel-grid panel-no-style\" ><div id=\"pgc-6239-1-0\"  class=\"panel-grid-cell panel-grid-cell-empty\" ><\/div><div id=\"pgc-6239-1-1\"  class=\"panel-grid-cell\" ><div id=\"panel-6239-1-1-0\" class=\"widget_text so-panel widget widget_custom_html panel-first-child panel-last-child widgetopts-SO\" data-index=\"1\" ><h3 class=\"widget-title\">GALLERY<\/h3><div class=\"textwidget custom-html-widget\">\r\n\t\t\t\t\t\n\r\n\t\t\t\t\t<!-- START UNITE GALLERY 1.7.62 -->\r\n\t\t\t\t\t\r\n\t\t\t\t\n\t\t\t<div id='unitegallery_22_1' class='unite-gallery' style='margin:0px auto;'>\n\t\t\t\t\n\n\t\t\t\t\t\t<img decoding=\"async\" alt=\"Procesorski blok kotao mTronic 7000.\"\n\t\t\t\t\t\t     src=\"\" data-image=\"https:\/\/media.mikoterm.com\/2020\/10\/mT-2.png\"\n\t\t\t\t\t\t     data-thumb=\"https:\/\/media.mikoterm.com\/2020\/10\/mT-2.png\"\n\t\t\t\t\t\t     title=\"\"\n\t\t\t\t\t\t     data-title=\"mTronic 7000 kotao \"\n\t\t\t\t\t\t     style=\"display:none\">\n\n\t\t\t\t\t\t<img decoding=\"async\" alt=\"mTronic 7000 kotao, pogled od spreda. Render prikaz procesorskog blok kotla.\"\n\t\t\t\t\t\t     src=\"\" data-image=\"https:\/\/media.mikoterm.com\/2020\/10\/mT-3.png\"\n\t\t\t\t\t\t     data-thumb=\"https:\/\/media.mikoterm.com\/2020\/10\/mT-3.png\"\n\t\t\t\t\t\t     title=\"\"\n\t\t\t\t\t\t     data-title=\"mTronic 7000 kotao, pogled od spreda.\"\n\t\t\t\t\t\t     style=\"display:none\">\n\n\t\t\t\t\t\t<img decoding=\"async\" alt=\"mTronic 7000, pogled oodzdo, procesorski blok kotao.\"\n\t\t\t\t\t\t     src=\"\" data-image=\"https:\/\/media.mikoterm.com\/2020\/10\/mT-4.png\"\n\t\t\t\t\t\t     data-thumb=\"https:\/\/media.mikoterm.com\/2020\/10\/mT-4.png\"\n\t\t\t\t\t\t     title=\"\"\n\t\t\t\t\t\t     data-title=\"mTronic 7000, pogled odozdo.\"\n\t\t\t\t\t\t     style=\"display:none\">\n\n\t\t\t\t\t\t<img decoding=\"async\" alt=\"mTronic 7000, pogled sa strane. Procesorski blok kotao.\"\n\t\t\t\t\t\t     src=\"\" data-image=\"https:\/\/media.mikoterm.com\/2020\/10\/mT6.png\"\n\t\t\t\t\t\t     data-thumb=\"https:\/\/media.mikoterm.com\/2020\/10\/mT6.png\"\n\t\t\t\t\t\t     title=\"\"\n\t\t\t\t\t\t     data-title=\"mTronic 7000, pogled sa strane.\"\n\t\t\t\t\t\t     style=\"display:none\">\n\t\t\t<\/div>\n\n\t\t\t<script type='text\/javascript'>\n\t\t\t\twindow.onload = function(e) {\n\t\t\t\t\tif(typeof ugCheckForErrors == \"undefined\"){\n\t\t\t\t\t\tdocument.getElementById(\"unitegallery_22_1\").innerHTML = \"<span style='color:red'>Unite Gallery Error - gallery js and css files not included in the footer. Please make sure that wp_footer() function is added to your theme.<\/span>\";}\n\t\t\t\t\telse{ ugCheckForErrors(\"unitegallery_22_1\", \"jquery\");}\n\t\t\t\t};\n\t\t\t<\/script>\n\n\t\t\t<!-- END UNITEGALLERY --><\/div><\/div><\/div><div id=\"pgc-6239-1-2\"  class=\"panel-grid-cell panel-grid-cell-mobile-last\" ><div id=\"panel-6239-1-2-0\" class=\"so-panel widget widget_sow-editor panel-first-child\" data-index=\"2\" ><div\n\t\t\t\n\t\t\tclass=\"so-widget-sow-editor so-widget-sow-editor-base\"\n\t\t\t\n\t\t>\n<div class=\"siteorigin-widget-tinymce textwidget\">\n\t<p><a href=\"http:\/\/media.mikoterm.com\/2020\/12\/DIMENZIJE_eTronic7000_SIVO-n.jpg\" target=\"_blank\" rel=\"noopener\"><img loading=\"lazy\" decoding=\"async\" class=\"aligncenter wp-image-6952\" src=\"http:\/\/media.mikoterm.com\/2020\/12\/DIMENZIJE_eTronic7000_SIVO-n.jpg\" alt=\"\" width=\"404\" height=\"580\"\/><\/a><\/p>\n<\/div>\n<\/div><\/div><div id=\"panel-6239-1-2-1\" class=\"so-panel widget widget_sow-editor panel-last-child widgetopts-SO\" data-index=\"3\" ><div\n\t\t\t\n\t\t\tclass=\"so-widget-sow-editor so-widget-sow-editor-base\"\n\t\t\t\n\t\t>\n<div class=\"siteorigin-widget-tinymce textwidget\">\n\t<p><a href=\"https:\/\/mikoterm.com\/eng\/declarations-and-statements-of-conformity\/\" target=\"_blank\" rel=\"noopener\">&nbsp; &nbsp; &nbsp; &nbsp; &nbsp; &nbsp; &nbsp;<img loading=\"lazy\" decoding=\"async\" class=\"wp-image-9786 alignnone\" src=\"http:\/\/media.mikoterm.com\/2025\/09\/Atest.png\" alt=\"\" width=\"56\" height=\"56\"\/><span style=\"color: #000000;\"><em><strong>Certificates and declarations<\/strong><\/em><\/span><\/a><\/p>\n<\/div>\n<\/div><\/div><\/div><div id=\"pgc-6239-1-3\"  class=\"panel-grid-cell panel-grid-cell-empty\" ><\/div><\/div><div id=\"pg-6239-2\"  class=\"panel-grid panel-no-style\" ><div id=\"pgc-6239-2-0\"  class=\"panel-grid-cell panel-grid-cell-empty\" ><\/div><div id=\"pgc-6239-2-1\"  class=\"panel-grid-cell\" ><div id=\"panel-6239-2-1-0\" class=\"so-panel widget widget_sow-button panel-first-child panel-last-child widgetopts-SO\" data-index=\"4\" ><div\n\t\t\t\n\t\t\tclass=\"so-widget-sow-button so-widget-sow-button-atom-0152bf8a1612-6239\"\n\t\t\t\n\t\t><div class=\"ow-button-base ow-button-align-center\"\n>\n\t\t\t<a\n\t\t\t\t\thref=\"https:\/\/media.mikoterm.com\/2020\/10\/mTronic-7000_6-24kW.dwg\"\n\t\t\t\t\tclass=\"sowb-button ow-icon-placement-left ow-button-hover\" target=\"_blank\" rel=\"noopener noreferrer\" \t>\n\t\t<span>\n\t\t\t\t\t\t\t<div class=\"sow-icon-image\" style=\"background-image: url(https:\/\/media.mikoterm.com\/2020\/09\/dwg.png)\"><\/div>\n\t\t\t\t\n\t\t\tDownload CAD blocks\t\t<\/span>\n\t\t\t<\/a>\n\t<\/div>\n<\/div><\/div><\/div><div id=\"pgc-6239-2-2\"  class=\"panel-grid-cell\" ><div id=\"panel-6239-2-2-0\" class=\"so-panel widget widget_sow-button panel-first-child panel-last-child widgetopts-SO\" data-index=\"5\" ><div\n\t\t\t\n\t\t\tclass=\"so-widget-sow-button so-widget-sow-button-atom-26590c6d2da9-6239\"\n\t\t\t\n\t\t><div class=\"ow-button-base ow-button-align-center\"\n>\n\t\t\t<a\n\t\t\t\t\thref=\"https:\/\/mikoterm.com\/eng\/wilo-para-msl-6-43-sc\/\"\n\t\t\t\t\tclass=\"sowb-button ow-icon-placement-left ow-button-hover\" target=\"_blank\" rel=\"noopener noreferrer\" \t>\n\t\t<span>\n\t\t\t\t\t\t\t<div class=\"sow-icon-image\" style=\"background-image: url(https:\/\/media.mikoterm.com\/2019\/02\/WILO-pumpa-150x150.png)\"><\/div>\n\t\t\t\t\n\t\t\tPump WILO PARA\t\t<\/span>\n\t\t\t<\/a>\n\t<\/div>\n<\/div><\/div><\/div><div id=\"pgc-6239-2-3\"  class=\"panel-grid-cell\" ><div id=\"panel-6239-2-3-0\" class=\"so-panel widget widget_sow-button panel-first-child panel-last-child widgetopts-SO\" data-index=\"6\" ><div\n\t\t\t\n\t\t\tclass=\"so-widget-sow-button so-widget-sow-button-atom-26590c6d2da9-6239\"\n\t\t\t\n\t\t><div class=\"ow-button-base ow-button-align-center\"\n>\n\t\t\t<a\n\t\t\t\t\thref=\"http:\/\/media.mikoterm.com\/2023\/03\/Multilanguage-datasheet-for-pump-Mikoterm-GPA15\u20107.5-\u2162-Pro-Z178.pdf\"\n\t\t\t\t\tclass=\"sowb-button ow-icon-placement-left ow-button-hover\" target=\"_blank\" rel=\"noopener noreferrer\" \t>\n\t\t<span>\n\t\t\t\t\t\t\t<div class=\"sow-icon-image\" style=\"background-image: url(https:\/\/media.mikoterm.com\/2023\/03\/Pump-Mikoterm.png)\"><\/div>\n\t\t\t\t\n\t\t\tMikoterm pump\t\t<\/span>\n\t\t\t<\/a>\n\t<\/div>\n<\/div><\/div><\/div><div id=\"pgc-6239-2-4\"  class=\"panel-grid-cell panel-grid-cell-mobile-last\" ><div id=\"panel-6239-2-4-0\" class=\"so-panel widget widget_sow-button panel-first-child panel-last-child widgetopts-SO\" data-index=\"7\" ><div\n\t\t\t\n\t\t\tclass=\"so-widget-sow-button so-widget-sow-button-atom-cd839a64a5e8-6239\"\n\t\t\t\n\t\t><div class=\"ow-button-base ow-button-align-center\"\n>\n\t\t\t<a\n\t\t\t\t\thref=\"https:\/\/mikoterm.com\/eng\/mtronic-7000-for-designers\/\"\n\t\t\t\t\tclass=\"sowb-button ow-icon-placement-left ow-button-hover\" target=\"_blank\" rel=\"noopener noreferrer\" \t>\n\t\t<span>\n\t\t\t<span class=\"sow-icon-fontawesome sow-far\" data-sow-icon=\"&#xf2b9;\"\n\t\tstyle=\"\" \n\t\taria-hidden=\"true\"><\/span>\n\t\t\tSite for designers\t\t<\/span>\n\t\t\t<\/a>\n\t<\/div>\n<\/div><\/div><\/div><div id=\"pgc-6239-2-5\"  class=\"panel-grid-cell panel-grid-cell-empty\" ><\/div><\/div><div id=\"pg-6239-3\"  class=\"panel-grid panel-has-style\" ><div class=\"panel-row-style panel-row-style-for-6239-3\" ><div id=\"pgc-6239-3-0\"  class=\"panel-grid-cell panel-grid-cell-empty\" ><\/div><div id=\"pgc-6239-3-1\"  class=\"panel-grid-cell\" ><div id=\"panel-6239-3-1-0\" class=\"so-panel widget widget_sow-editor panel-first-child widgetopts-SO\" data-index=\"8\" ><div class=\"panel-widget-style panel-widget-style-for-6239-3-1-0\" ><div\n\t\t\t\n\t\t\tclass=\"so-widget-sow-editor so-widget-sow-editor-base\"\n\t\t\t\n\t\t>\n<div class=\"siteorigin-widget-tinymce textwidget\">\n\t<p><strong><img loading=\"lazy\" decoding=\"async\" class=\"wp-image-791 alignnone\" src=\"http:\/\/media.mikoterm.com\/2018\/11\/adobe-ikon.jpeg\" alt=\"\" width=\"30\" height=\"29\"\/> <span style=\"color: #000000;\">Download instructions for <\/span><\/strong><span style=\"color: #000000;\"><strong>mTronic 7000:<\/strong><\/span><\/p>\n<\/div>\n<\/div><\/div><\/div><div id=\"panel-6239-3-1-1\" class=\"so-panel widget widget_sow-editor panel-last-child widgetopts-SO\" data-index=\"9\" ><div class=\"panel-widget-style panel-widget-style-for-6239-3-1-1\" ><div\n\t\t\t\n\t\t\tclass=\"so-widget-sow-editor so-widget-sow-editor-base\"\n\t\t\t\n\t\t>\n<div class=\"siteorigin-widget-tinymce textwidget\">\n\t<ul>\n<li><img loading=\"lazy\" decoding=\"async\" class=\"wp-image-6945 alignnone\" src=\"http:\/\/media.mikoterm.com\/2020\/12\/serbia1.png\" alt=\"\" width=\"35\" height=\"35\"\/>&nbsp; <a href=\"https:\/\/media.mikoterm.com\/2025\/09\/mTronic70004-pumpe-EU_SRB-09.2025.pdf\" target=\"_blank\" rel=\"noopener\">Serbian<\/a><\/li>\n<li><img loading=\"lazy\" decoding=\"async\" class=\"wp-image-6938 alignnone\" src=\"http:\/\/media.mikoterm.com\/2020\/12\/ENG1.png\" alt=\"\" width=\"35\" height=\"35\"\/>&nbsp; <a href=\"https:\/\/media.mikoterm.com\/2025\/09\/mTronic70004-pumpe-EU_ENG-09.2025.pdf\">English<\/a><\/li>\n<li><img loading=\"lazy\" decoding=\"async\" class=\"wp-image-6937 alignnone\" src=\"http:\/\/media.mikoterm.com\/2020\/12\/albanian1.png\" alt=\"\" width=\"35\" height=\"35\"\/>&nbsp; <a href=\"https:\/\/media.mikoterm.com\/2025\/09\/mTronic70004-pumpe-EU_ALB-09.2025.pdf\" target=\"_blank\" rel=\"noopener\">Albanian<\/a><\/li>\n<li><img loading=\"lazy\" decoding=\"async\" class=\"wp-image-6942 alignnone\" src=\"http:\/\/media.mikoterm.com\/2020\/12\/macedonian1.png\" alt=\"\" width=\"39\" height=\"39\"\/> <a href=\"https:\/\/media.mikoterm.com\/2025\/09\/mTronic70004-pumpe-EU_MK-09.2025.pdf\">Macedonian<\/a><\/li>\n<li><img loading=\"lazy\" decoding=\"async\" class=\"wp-image-6940 alignnone\" src=\"http:\/\/media.mikoterm.com\/2020\/12\/ger1.png\" alt=\"\" width=\"36\" height=\"36\"\/>&nbsp; <a href=\"https:\/\/media.mikoterm.com\/2025\/09\/mTronic70004-pumpe-EU_GER-09.2025.pdf\" target=\"_blank\" rel=\"noopener\">German<\/a><\/li>\n<li><img loading=\"lazy\" decoding=\"async\" class=\"wp-image-6939 alignnone\" src=\"http:\/\/media.mikoterm.com\/2020\/12\/france1.png\" alt=\"\" width=\"35\" height=\"35\"\/>&nbsp; <a href=\"http:\/\/media.mikoterm.com\/2022\/11\/mTronic7000_user-manual_FRA-11.2022..pdf\" target=\"_blank\" rel=\"noopener\">French<\/a><\/li>\n<li><img loading=\"lazy\" decoding=\"async\" class=\"wp-image-6943 alignnone\" src=\"http:\/\/media.mikoterm.com\/2020\/12\/netherlands1.png\" alt=\"\" width=\"35\" height=\"35\"\/>&nbsp; <a href=\"http:\/\/media.mikoterm.com\/2022\/11\/mTronic7000_user-manual_NL-11.2022..pdf\" target=\"_blank\" rel=\"noopener\">Dutch<\/a><\/li>\n<li><img loading=\"lazy\" decoding=\"async\" class=\"wp-image-7579 alignnone\" src=\"http:\/\/media.mikoterm.com\/2021\/06\/litv-2.png\" alt=\"\" width=\"36\" height=\"36\"\/>&nbsp; <a href=\"http:\/\/media.mikoterm.com\/2022\/11\/mTronic7000_user-manual_LIT-11.2022..pdf\" target=\"_blank\" rel=\"noopener\">Lithuanian<\/a><\/li>\n<li><img loading=\"lazy\" decoding=\"async\" class=\"wp-image-7809 alignnone\" src=\"http:\/\/media.mikoterm.com\/2021\/09\/norw-flag.png\" alt=\"\" width=\"35\" height=\"35\"\/>&nbsp; <a href=\"http:\/\/media.mikoterm.com\/2022\/11\/mTronic7000_user-manual_NOR-11.2022..pdf\" target=\"_blank\" rel=\"noopener\">Norwegian<\/a><\/li>\n<li><img loading=\"lazy\" decoding=\"async\" class=\"wp-image-6944 alignnone\" src=\"http:\/\/media.mikoterm.com\/2020\/12\/romania1.png\" alt=\"\" width=\"40\" height=\"40\"\/> <a href=\"http:\/\/media.mikoterm.com\/2022\/11\/mTronic7000_user-manual_ROU-11.2022..pdf\" target=\"_blank\" rel=\"noopener\">Romanian<\/a><\/li>\n<li><img loading=\"lazy\" decoding=\"async\" class=\"wp-image-8363 alignnone\" src=\"http:\/\/media.mikoterm.com\/2022\/09\/russian-flag.png\" alt=\"\" width=\"39\" height=\"39\"\/>&nbsp; <a href=\"http:\/\/media.mikoterm.com\/2022\/11\/mTronic7000_user-manual_RUS-11.2022..pdf\" target=\"_blank\" rel=\"noopener\">Russian<\/a><\/li>\n<li><img loading=\"lazy\" decoding=\"async\" class=\"wp-image-6941 alignnone\" src=\"http:\/\/media.mikoterm.com\/2020\/12\/hungarian1.png\" alt=\"\" width=\"39\" height=\"39\"\/>&nbsp; <a href=\"http:\/\/media.mikoterm.com\/2022\/11\/mTronic7000_user-manual_HU-11.2022..pdf\" target=\"_blank\" rel=\"noopener\">Hungarian<\/a><\/li>\n<\/ul>\n<\/div>\n<\/div><\/div><\/div><\/div><div id=\"pgc-6239-3-2\"  class=\"panel-grid-cell panel-grid-cell-mobile-last\" ><div id=\"panel-6239-3-2-0\" class=\"so-panel widget widget_sow-editor panel-first-child panel-last-child\" data-index=\"10\" ><div\n\t\t\t\n\t\t\tclass=\"so-widget-sow-editor so-widget-sow-editor-base\"\n\t\t\t\n\t\t>\n<div class=\"siteorigin-widget-tinymce textwidget\">\n\t<table id=\"tablepress-17\" class=\"tablepress tablepress-id-17\">\n<thead>\n<tr class=\"row-1\">\n<th class=\"column-1\"><small> model <\/small><\/th>\n<th class=\"column-2\"><small>mT-6 kW<\/small><\/th>\n<th class=\"column-3\"><small>mT-9 kW<\/small><\/th>\n<th class=\"column-4\"><small>mT-12 kW<\/small><\/th>\n<th class=\"column-5\"><small>mT-18 kW<\/small><\/th>\n<th class=\"column-6\"><small>mT-24.3 kW<\/small><\/th>\n<\/tr>\n<\/thead>\n<tbody class=\"row-striping row-hover\">\n<tr class=\"row-2\">\n<td class=\"column-1\"><small>heating groups<\/small><\/td>\n<td class=\"column-2\"><small>3 x 2 kW<\/small><\/td>\n<td class=\"column-3\"><small>6 x 1.5 kW<\/small><\/td>\n<td class=\"column-4\"><small>6 x 2 kW<\/small><\/td>\n<td class=\"column-5\"><small>9 x 2 kW<\/small><\/td>\n<td class=\"column-6\"><small>9 x 2.7 kW<\/small><\/td>\n<\/tr>\n<tr class=\"row-3\">\n<td class=\"column-1\"><small>power adjustment<\/small><\/td>\n<td class=\"column-2\"><small>3 x 2 kW<\/small><\/td>\n<td class=\"column-3\"><small>6 x 1.5 kW<\/small><\/td>\n<td class=\"column-4\"><small>6 x 2 kW<\/small><\/td>\n<td class=\"column-5\"><small>9 x 2 kW<\/small><\/td>\n<td class=\"column-6\"><small>9 x 2.7 kW<\/small><\/td>\n<\/tr>\n<tr class=\"row-4\">\n<td class=\"column-1\"><small>minimum power<\/small><\/td>\n<td class=\"column-2\"><small>2 kW<\/small><\/td>\n<td class=\"column-3\"><small>1.5 kW<\/small><\/td>\n<td class=\"column-4\"><small>2 kW<\/small><\/td>\n<td class=\"column-5\"><small>2 kW<\/small><\/td>\n<td class=\"column-6\"><small>2.7 kW<\/small><\/td>\n<\/tr>\n<tr class=\"row-5\">\n<td class=\"column-1\"><small>maximum power<\/small><\/td>\n<td class=\"column-2\"><small>6 kW<\/small><\/td>\n<td class=\"column-3\"><small>9 kW<\/small><\/td>\n<td class=\"column-4\"><small>12 kW<\/small><\/td>\n<td class=\"column-5\"><small>18 kW<\/small><\/td>\n<td class=\"column-6\"><small>24.3 kW<\/small><\/td>\n<\/tr>\n<tr class=\"row-6\">\n<td class=\"column-1\"><small>fuses in the boiler<\/small><\/td>\n<td class=\"column-2\"><small>3P 16A<\/small><\/td>\n<td class=\"column-3\"><small>3P 25A<\/small><\/td>\n<td class=\"column-4\"><small>3P 25A<\/small><\/td>\n<td class=\"column-5\"><small>3P 32A<\/small><\/td>\n<td class=\"column-6\"><small>3P 40A<\/small><\/td>\n<\/tr>\n<tr class=\"row-7\">\n<td class=\"column-1\"><small>required main fuses <\/small><\/td>\n<td class=\"column-2\"><small>3 x 16A<\/small><\/td>\n<td class=\"column-3\"><small>3 x 25A<\/small><\/td>\n<td class=\"column-4\"><small>3 x 25A<\/small><\/td>\n<td class=\"column-5\"><small>3 x 32A<\/small><\/td>\n<td class=\"column-6\"><small>3 x 40A<\/small><\/td>\n<\/tr>\n<tr class=\"row-8\">\n<td class=\"column-1\"><small>the required network cable.<\/small><\/td>\n<td class=\"column-2\"><small>5 x 2.5 mm2<\/small><\/td>\n<td class=\"column-3\"><small>5 x 2.5 mm2<\/small><\/td>\n<td class=\"column-4\"><small>5 x 4 mm2<\/small><\/td>\n<td class=\"column-5\"><small>5 x 4 mm2<\/small><\/td>\n<td class=\"column-6\"><small>5 x 6 mm2<\/small><\/td>\n<\/tr>\n<tr class=\"row-9\">\n<td class=\"column-1\"><small>connection to the electrical network<\/small><\/td>\n<td class=\"column-2\"><font size=\"2\">up, down, between the walls<\/font><\/td>\n<td class=\"column-3\"><font size=\"2\">up, down, between the walls<\/font><\/td>\n<td class=\"column-4\"><font size=\"2\">up, down, between the walls<\/font><\/td>\n<td class=\"column-5\"><font size=\"2\">up, down, between the walls<\/font><\/td>\n<td class=\"column-6\"><font size=\"2\">up, down, between the walls<\/font><\/td>\n<\/tr>\n<tr class=\"row-10\">\n<td class=\"column-1\"><small>pump for mTronic 7000<\/small><\/td>\n<td class=\"column-2\"><font size=\"2\">a highly efficient pump.<\/font><\/td>\n<td class=\"column-3\"><font size=\"2\">a highly efficient pump.<\/font><\/td>\n<td class=\"column-4\"><font size=\"2\">a highly efficient pump.<\/font><\/td>\n<td class=\"column-5\"><font size=\"2\">a highly efficient pump.<\/font><\/td>\n<td class=\"column-6\"><font size=\"2\">a highly efficient pump.<\/font><\/td>\n<\/tr>\n<tr class=\"row-11\">\n<td class=\"column-1\"><small>connection to hydraulic installation<\/small><\/td>\n<td class=\"column-2\"><font size=\"2\">G3 \/ 4 &#034; from the bottom<\/font><\/td>\n<td class=\"column-3\"><font size=\"2\">G3 \/ 4 &#034; from the bottom<\/font><\/td>\n<td class=\"column-4\"><font size=\"2\">G3 \/ 4 &#034; from the bottom<\/font><\/td>\n<td class=\"column-5\"><font size=\"2\">G3 \/ 4 &#034; from the bottom<\/font><\/td>\n<td class=\"column-6\"><font size=\"2\">G3 \/ 4 &#034; from the bottom<\/font><\/td>\n<\/tr>\n<tr class=\"row-12\">\n<td class=\"column-1\"><small>expansion vessel<\/small><\/td>\n<td class=\"column-2\"><small>Zilio Italy 8L<\/small><\/td>\n<td class=\"column-3\"><small>Zilio Italy 8L<\/small><\/td>\n<td class=\"column-4\"><small>Zilio Italy 8L<\/small><\/td>\n<td class=\"column-5\"><small>Zilio Italy 8L<\/small><\/td>\n<td class=\"column-6\"><small>Zilio Italy 8L<\/small><\/td>\n<\/tr>\n<tr class=\"row-13\">\n<td class=\"column-1\"><small>sigurnosni ventil<\/small><\/td>\n<td class=\"column-2\"><small>integrisan unutra<\/small><\/td>\n<td class=\"column-3\"><small>integrisan unutra<\/small><\/td>\n<td class=\"column-4\"><small>integrisan unutra<\/small><\/td>\n<td class=\"column-5\"><small>integrisan unutra<\/small><\/td>\n<td class=\"column-6\"><small>integrisan unutra<\/small><\/td>\n<\/tr>\n<tr class=\"row-14\">\n<td class=\"column-1\"><small>slavina za pra\u017enjenje kotla<\/small><\/td>\n<td class=\"column-2\"><small>yes<\/small><\/td>\n<td class=\"column-3\"><small>yes<\/small><\/td>\n<td class=\"column-4\"><small>yes<\/small><\/td>\n<td class=\"column-5\"><small>yes<\/small><\/td>\n<td class=\"column-6\"><small>yes<\/small><\/td>\n<\/tr>\n<tr class=\"row-15\">\n<td class=\"column-1\"><small>dimenzije (Vx\u0160xD)<\/small><\/td>\n<td class=\"column-2\"><small>710x430x230<\/small><\/td>\n<td class=\"column-3\"><small>710x430x230<\/small><\/td>\n<td class=\"column-4\"><small>710x430x230<\/small><\/td>\n<td class=\"column-5\"><small>710x430x230<\/small><\/td>\n<td class=\"column-6\"><small>710x430x230<\/small><\/td>\n<\/tr>\n<tr class=\"row-16\">\n<td class=\"column-1\"><small>te\u017eina kotla bez vode<\/small><\/td>\n<td class=\"column-2\"><small>23kg<\/small><\/td>\n<td class=\"column-3\"><small>24kg<\/small><\/td>\n<td class=\"column-4\"><small>24kg<\/small><\/td>\n<td class=\"column-5\"><small>25kg<\/small><\/td>\n<td class=\"column-6\"><small>25kg<\/small><\/td>\n<\/tr>\n<tr class=\"row-17\">\n<td class=\"column-1\"><small>degree of protection.<\/small><\/td>\n<td class=\"column-2\"><small>IP 40<\/small><\/td>\n<td class=\"column-3\"><small>IP 40<\/small><\/td>\n<td class=\"column-4\"><small>IP 40<\/small><\/td>\n<td class=\"column-5\"><small>IP 40<\/small><\/td>\n<td class=\"column-6\"><small>IP 40<\/small><\/td>\n<\/tr>\n<tr class=\"row-18\">\n<td class=\"column-1\"><small>procesorska jedinica<\/small><\/td>\n<td class=\"column-2\"><small>yes<\/small><\/td>\n<td class=\"column-3\"><small>yes<\/small><\/td>\n<td class=\"column-4\"><small>yes<\/small><\/td>\n<td class=\"column-5\"><small>yes<\/small><\/td>\n<td class=\"column-6\"><small>yes<\/small><\/td>\n<\/tr>\n<tr class=\"row-19\">\n<td class=\"column-1\"><small>priprema sanitarne vode<\/small><\/td>\n<td class=\"column-2\"><small>yes<\/small><\/td>\n<td class=\"column-3\"><small>yes<\/small><\/td>\n<td class=\"column-4\"><small>yes<\/small><\/td>\n<td class=\"column-5\"><small>yes<\/small><\/td>\n<td class=\"column-6\"><small>yes<\/small><\/td>\n<\/tr>\n<tr class=\"row-20\">\n<td class=\"column-1\"><small>tajmer za pripremu san. vode<\/small><\/td>\n<td class=\"column-2\"><small>yes<\/small><\/td>\n<td class=\"column-3\"><small>yes<\/small><\/td>\n<td class=\"column-4\"><small>yes<\/small><\/td>\n<td class=\"column-5\"><small>yes<\/small><\/td>\n<td class=\"column-6\"><small>yes<\/small><\/td>\n<\/tr>\n<tr class=\"row-21\">\n<td class=\"column-1\"><small>monophase connection<\/small><\/td>\n<td class=\"column-2\"><small>yes<\/small><\/td>\n<td class=\"column-3\"><small>yes<\/small><\/td>\n<td class=\"column-4\"><small>no<\/small><\/td>\n<td class=\"column-5\"><small>no<\/small><\/td>\n<td class=\"column-6\"><small>no<\/small><\/td>\n<\/tr>\n<\/tbody>\n<\/table>\n<p><!-- #tablepress-17 from cache --><\/p>\n<\/div>\n<\/div><\/div><\/div><div id=\"pgc-6239-3-3\"  class=\"panel-grid-cell panel-grid-cell-empty\" ><\/div><\/div><\/div><\/div>","protected":false},"excerpt":{"rendered":"<p>Procesorski blok kotlovi model mTronic 7000&nbsp; (6kW\u00f724kW) &#8211; visoka zidna monta\u017ea Novi model mTronic 7000 je najsavr\u0161eniji elektri\u010dni kotao, proiza\u0161ao je iz modela eTronic 7000&hellip;<\/p>","protected":false},"author":1,"featured_media":0,"parent":0,"menu_order":0,"comment_status":"closed","ping_status":"closed","template":"","meta":{"ngg_post_thumbnail":0,"footnotes":""},"class_list":["post-6239","page","type-page","status-publish","hentry"],"rttpg_featured_image_url":null,"rttpg_author":{"display_name":"Mikoterm","author_link":"https:\/\/mikoterm.com\/eng\/author\/mikotermelectronic\/"},"rttpg_comment":0,"rttpg_category":null,"rttpg_excerpt":"Procesorski blok kotlovi model mTronic 7000&nbsp; (6kW\u00f724kW) - visoka zidna monta\u017ea Novi model mTronic 7000 je najsavr\u0161eniji elektri\u010dni kotao, proiza\u0161ao je iz modela eTronic 7000&hellip;","_links":{"self":[{"href":"https:\/\/mikoterm.com\/eng\/wp-json\/wp\/v2\/pages\/6239","targetHints":{"allow":["GET"]}}],"collection":[{"href":"https:\/\/mikoterm.com\/eng\/wp-json\/wp\/v2\/pages"}],"about":[{"href":"https:\/\/mikoterm.com\/eng\/wp-json\/wp\/v2\/types\/page"}],"author":[{"embeddable":true,"href":"https:\/\/mikoterm.com\/eng\/wp-json\/wp\/v2\/users\/1"}],"replies":[{"embeddable":true,"href":"https:\/\/mikoterm.com\/eng\/wp-json\/wp\/v2\/comments?post=6239"}],"version-history":[{"count":335,"href":"https:\/\/mikoterm.com\/eng\/wp-json\/wp\/v2\/pages\/6239\/revisions"}],"predecessor-version":[{"id":9869,"href":"https:\/\/mikoterm.com\/eng\/wp-json\/wp\/v2\/pages\/6239\/revisions\/9869"}],"wp:attachment":[{"href":"https:\/\/mikoterm.com\/eng\/wp-json\/wp\/v2\/media?parent=6239"}],"curies":[{"name":"wp","href":"https:\/\/api.w.org\/{rel}","templated":true}]}}