{"id":5908,"date":"2020-07-30T11:14:22","date_gmt":"2020-07-30T11:14:22","guid":{"rendered":"https:\/\/mikoterm.com\/?page_id=5908"},"modified":"2025-06-25T09:16:41","modified_gmt":"2025-06-25T09:16:41","slug":"elektricni-kotao-tk-elg-za-projektante","status":"publish","type":"page","link":"https:\/\/mikoterm.com\/eng\/electric-boiler-tk-elg-for-designers\/","title":{"rendered":"Elektri\u010dni kotao TK-eLG za projektante"},"content":{"rendered":"<div id=\"pl-gb5908-69e39cd3e3e69\"  class=\"panel-layout wp-block-siteorigin-panels-layout-block\" ><div id=\"pg-gb5908-69e39cd3e3e69-0\"  class=\"panel-grid panel-no-style\" ><div id=\"pgc-gb5908-69e39cd3e3e69-0-0\"  class=\"panel-grid-cell panel-grid-cell-empty\" ><\/div><div id=\"pgc-gb5908-69e39cd3e3e69-0-1\"  class=\"panel-grid-cell panel-grid-cell-mobile-last\" ><div id=\"panel-gb5908-69e39cd3e3e69-0-1-0\" class=\"so-panel widget widget_sow-editor panel-first-child panel-last-child widgetopts-SO\" data-index=\"0\" ><div\n\t\t\t\n\t\t\tclass=\"so-widget-sow-editor so-widget-sow-editor-base\"\n\t\t\t\n\t\t>\n<div class=\"siteorigin-widget-tinymce textwidget\">\n\t<h1 style=\"text-align: center;\" align=\"justify\">Electric boiler <strong>TK eLG 6kW-models IP20 and IP54<\/strong> - wall mounting-for designers<\/h1>\n<\/div>\n<\/div><\/div><\/div><div id=\"pgc-gb5908-69e39cd3e3e69-0-2\"  class=\"panel-grid-cell panel-grid-cell-empty\" ><\/div><\/div><div id=\"pg-gb5908-69e39cd3e3e69-1\"  class=\"panel-grid panel-no-style\" ><div id=\"pgc-gb5908-69e39cd3e3e69-1-0\"  class=\"panel-grid-cell panel-grid-cell-empty\" ><\/div><div id=\"pgc-gb5908-69e39cd3e3e69-1-1\"  class=\"panel-grid-cell\" ><div id=\"panel-gb5908-69e39cd3e3e69-1-1-0\" class=\"so-panel widget widget_sow-image panel-first-child panel-last-child widgetopts-SO\" data-index=\"1\" ><div\n\t\t\t\n\t\t\tclass=\"so-widget-sow-image so-widget-sow-image-default-113ccd71f3e6-5908\"\n\t\t\t\n\t\t><h3 class=\"widget-title\">IP20 for the interior.<\/h3>\n<div class=\"sow-image-container\">\n\t\t\t<a href=\"http:\/\/media.mikoterm.com\/2019\/08\/eLg-front-2.png\"\n\t\t\ttarget=\"_blank\" rel=\"noopener noreferrer\" \t\t>\n\t\t\t<img \n\tsrc=\"https:\/\/media.mikoterm.com\/2020\/12\/eLG-front-proj.png\" width=\"240\" height=\"300\" sizes=\"(max-width: 240px) 100vw, 240px\" title=\"IP20 for the interior.\" alt=\"Model IP20 za unutra\u0161nju monta\u017eu, elektri\u010dni kotao za pomo\u0107 toplotnim pumpama.\" \t\tclass=\"so-widget-image\"\/>\n\t\t\t<\/a><\/div>\n\n<\/div><\/div><\/div><div id=\"pgc-gb5908-69e39cd3e3e69-1-2\"  class=\"panel-grid-cell panel-grid-cell-mobile-last\" ><div id=\"panel-gb5908-69e39cd3e3e69-1-2-0\" class=\"so-panel widget widget_sow-image panel-first-child panel-last-child widgetopts-SO\" data-index=\"2\" ><div\n\t\t\t\n\t\t\tclass=\"so-widget-sow-image so-widget-sow-image-default-113ccd71f3e6-5908\"\n\t\t\t\n\t\t><h3 class=\"widget-title\">IP54 for external mounting.<\/h3>\n<div class=\"sow-image-container\">\n\t\t\t<a href=\"http:\/\/media.mikoterm.com\/2020\/07\/TK-eLG-za-spolja\u0161nju-monta\u017eu-8606026610531.jpg\"\n\t\t\ttarget=\"_blank\" rel=\"noopener noreferrer\" \t\t>\n\t\t\t<img \n\tsrc=\"https:\/\/media.mikoterm.com\/2020\/12\/TK-eLG-54-proj.jpg\" width=\"203\" height=\"300\" sizes=\"(max-width: 203px) 100vw, 203px\" title=\"IP54 for external mounting.\" alt=\"Model IP54 za spolja\u0161nju monta\u017eu za pomo\u0107 toplotnim pumpama, elektri\u010dni kotao.\" \t\tclass=\"so-widget-image\"\/>\n\t\t\t<\/a><\/div>\n\n<\/div><\/div><\/div><div id=\"pgc-gb5908-69e39cd3e3e69-1-3\"  class=\"panel-grid-cell panel-grid-cell-empty\" ><\/div><\/div><div id=\"pg-gb5908-69e39cd3e3e69-2\"  class=\"panel-grid panel-has-style\" ><div class=\"panel-row-style panel-row-style-for-gb5908-69e39cd3e3e69-2\" ><div id=\"pgc-gb5908-69e39cd3e3e69-2-0\"  class=\"panel-grid-cell panel-grid-cell-empty\" ><\/div><div id=\"pgc-gb5908-69e39cd3e3e69-2-1\"  class=\"panel-grid-cell panel-grid-cell-mobile-last\" ><div id=\"panel-gb5908-69e39cd3e3e69-2-1-0\" class=\"so-panel widget widget_sow-button panel-first-child\" data-index=\"3\" ><div\n\t\t\t\n\t\t\tclass=\"so-widget-sow-button so-widget-sow-button-atom-f07bad06405b-5908\"\n\t\t\t\n\t\t><div class=\"ow-button-base ow-button-align-center\"\n>\n\t\t\t<a\n\t\t\t\t\thref=\"http:\/\/media.mikoterm.com\/2020\/09\/TK-eLG-IP20.dwg\"\n\t\t\t\t\tclass=\"sowb-button ow-icon-placement-left ow-button-hover\" download=\"\" \t>\n\t\t<span>\n\t\t\t\n\t\t\tDownload CAD block-IP20\t\t<\/span>\n\t\t\t<\/a>\n\t<\/div>\n<\/div><\/div><div id=\"panel-gb5908-69e39cd3e3e69-2-1-1\" class=\"so-panel widget widget_sow-button\" data-index=\"4\" ><div\n\t\t\t\n\t\t\tclass=\"so-widget-sow-button so-widget-sow-button-atom-f07bad06405b-5908\"\n\t\t\t\n\t\t><div class=\"ow-button-base ow-button-align-center\"\n>\n\t\t\t<a\n\t\t\t\t\thref=\"http:\/\/media.mikoterm.com\/2020\/09\/TK-eLG-IP54.dwg\"\n\t\t\t\t\tclass=\"sowb-button ow-icon-placement-left ow-button-hover\" download=\"\" \t>\n\t\t<span>\n\t\t\t\n\t\t\tDownload CAD block-IP54\t\t<\/span>\n\t\t\t<\/a>\n\t<\/div>\n<\/div><\/div><div id=\"panel-gb5908-69e39cd3e3e69-2-1-2\" class=\"so-panel widget widget_sow-button\" data-index=\"5\" ><div\n\t\t\t\n\t\t\tclass=\"so-widget-sow-button so-widget-sow-button-atom-f07bad06405b-5908\"\n\t\t\t\n\t\t><div class=\"ow-button-base ow-button-align-center\"\n>\n\t\t\t<a\n\t\t\t\t\thref=\"http:\/\/media.mikoterm.com\/2020\/07\/Dimenzije-kotla-TK-eLG.pdf\"\n\t\t\t\t\tclass=\"sowb-button ow-icon-placement-left ow-button-hover\" download=\"\" \t>\n\t\t<span>\n\t\t\t\n\t\t\tBoiler dimensions\t\t<\/span>\n\t\t\t<\/a>\n\t<\/div>\n<\/div><\/div><div id=\"panel-gb5908-69e39cd3e3e69-2-1-3\" class=\"so-panel widget widget_sow-button\" data-index=\"6\" ><div\n\t\t\t\n\t\t\tclass=\"so-widget-sow-button so-widget-sow-button-atom-f07bad06405b-5908\"\n\t\t\t\n\t\t><div class=\"ow-button-base ow-button-align-center\"\n>\n\t\t\t<a\n\t\t\t\t\thref=\"http:\/\/media.mikoterm.com\/2020\/07\/Neophodan-prostor-za-monta\u017eu-TK-eLG.pdf\"\n\t\t\t\t\tclass=\"sowb-button ow-icon-placement-left ow-button-hover\" download=\"\" \t>\n\t\t<span>\n\t\t\t\n\t\t\tMounting space\t\t<\/span>\n\t\t\t<\/a>\n\t<\/div>\n<\/div><\/div><div id=\"panel-gb5908-69e39cd3e3e69-2-1-4\" class=\"so-panel widget widget_sow-button\" data-index=\"7\" ><div\n\t\t\t\n\t\t\tclass=\"so-widget-sow-button so-widget-sow-button-atom-f07bad06405b-5908\"\n\t\t\t\n\t\t><div class=\"ow-button-base ow-button-align-center\"\n>\n\t\t\t<a\n\t\t\t\t\thref=\"http:\/\/media.mikoterm.com\/2020\/07\/Pozicije-otvora-za-monta\u017eu.pdf\"\n\t\t\t\t\tclass=\"sowb-button ow-icon-placement-left ow-button-hover\" download=\"\" \t>\n\t\t<span>\n\t\t\t\n\t\t\tMounting opening positions\t\t<\/span>\n\t\t\t<\/a>\n\t<\/div>\n<\/div><\/div><div id=\"panel-gb5908-69e39cd3e3e69-2-1-5\" class=\"so-panel widget widget_sow-button\" data-index=\"8\" ><div\n\t\t\t\n\t\t\tclass=\"so-widget-sow-button so-widget-sow-button-atom-f07bad06405b-5908\"\n\t\t\t\n\t\t><div class=\"ow-button-base ow-button-align-center\"\n>\n\t\t\t<a\n\t\t\t\t\thref=\"http:\/\/media.mikoterm.com\/2020\/07\/Sastavni-delovi-kotla-TK-eLG.pdf\"\n\t\t\t\t\tclass=\"sowb-button ow-icon-placement-left ow-button-hover\" download=\"\" \t>\n\t\t<span>\n\t\t\t\n\t\t\tBoiler components\t\t<\/span>\n\t\t\t<\/a>\n\t<\/div>\n<\/div><\/div><div id=\"panel-gb5908-69e39cd3e3e69-2-1-6\" class=\"so-panel widget widget_sow-button\" data-index=\"9\" ><div\n\t\t\t\n\t\t\tclass=\"so-widget-sow-button so-widget-sow-button-atom-f07bad06405b-5908\"\n\t\t\t\n\t\t><div class=\"ow-button-base ow-button-align-center\"\n>\n\t\t\t<a\n\t\t\t\t\thref=\"http:\/\/media.mikoterm.com\/2020\/07\/Tehni\u010dki-podaci-kotla-TK-eLG.pdf\"\n\t\t\t\t\tclass=\"sowb-button ow-icon-placement-left ow-button-hover\" download=\"\" \t>\n\t\t<span>\n\t\t\t\n\t\t\tBoiler technical data\t\t<\/span>\n\t\t\t<\/a>\n\t<\/div>\n<\/div><\/div><div id=\"panel-gb5908-69e39cd3e3e69-2-1-7\" class=\"so-panel widget widget_sow-button panel-last-child\" data-index=\"10\" ><div\n\t\t\t\n\t\t\tclass=\"so-widget-sow-button so-widget-sow-button-atom-ec7b109232b7-5908\"\n\t\t\t\n\t\t><div class=\"ow-button-base ow-button-align-center\"\n>\n\t\t\t<a\n\t\t\t\t\thref=\"https:\/\/mikoterm.com\/eng\/electric-boilers-model-tk-elg-6kw-wall-mounting\/\"\n\t\t\t\t\tclass=\"sowb-button ow-icon-placement-left ow-button-hover\" \t>\n\t\t<span>\n\t\t\t\n\t\t\tMain page\t\t<\/span>\n\t\t\t<\/a>\n\t<\/div>\n<\/div><\/div><\/div><div id=\"pgc-gb5908-69e39cd3e3e69-2-2\"  class=\"panel-grid-cell panel-grid-cell-empty\" ><\/div><\/div><\/div><\/div>","protected":false},"excerpt":{"rendered":"<p>Elektri\u010dni kotao TK eLG 6kw &#8211; modeli IP20 i IP54 &#8211; zidna monta\u017ea &#8211; za projektante<\/p>","protected":false},"author":1,"featured_media":0,"parent":0,"menu_order":0,"comment_status":"closed","ping_status":"closed","template":"","meta":{"ngg_post_thumbnail":0,"footnotes":""},"class_list":["post-5908","page","type-page","status-publish","hentry"],"rttpg_featured_image_url":null,"rttpg_author":{"display_name":"Mikoterm","author_link":"https:\/\/mikoterm.com\/eng\/author\/mikotermelectronic\/"},"rttpg_comment":0,"rttpg_category":null,"rttpg_excerpt":"Elektri\u010dni kotao TK eLG 6kw - modeli IP20 i IP54 - zidna monta\u017ea - za projektante","_links":{"self":[{"href":"https:\/\/mikoterm.com\/eng\/wp-json\/wp\/v2\/pages\/5908","targetHints":{"allow":["GET"]}}],"collection":[{"href":"https:\/\/mikoterm.com\/eng\/wp-json\/wp\/v2\/pages"}],"about":[{"href":"https:\/\/mikoterm.com\/eng\/wp-json\/wp\/v2\/types\/page"}],"author":[{"embeddable":true,"href":"https:\/\/mikoterm.com\/eng\/wp-json\/wp\/v2\/users\/1"}],"replies":[{"embeddable":true,"href":"https:\/\/mikoterm.com\/eng\/wp-json\/wp\/v2\/comments?post=5908"}],"version-history":[{"count":41,"href":"https:\/\/mikoterm.com\/eng\/wp-json\/wp\/v2\/pages\/5908\/revisions"}],"predecessor-version":[{"id":9652,"href":"https:\/\/mikoterm.com\/eng\/wp-json\/wp\/v2\/pages\/5908\/revisions\/9652"}],"wp:attachment":[{"href":"https:\/\/mikoterm.com\/eng\/wp-json\/wp\/v2\/media?parent=5908"}],"curies":[{"name":"wp","href":"https:\/\/api.w.org\/{rel}","templated":true}]}}