{"id":533,"date":"2018-11-02T07:42:55","date_gmt":"2018-11-02T07:42:55","guid":{"rendered":"https:\/\/mikoterm.com\/?page_id=533"},"modified":"2025-06-27T14:33:10","modified_gmt":"2025-06-27T14:33:10","slug":"za-projektante","status":"publish","type":"page","link":"https:\/\/mikoterm.com\/eng\/for-architects\/","title":{"rendered":"ZA PROJEKTANTE"},"content":{"rendered":"<div id=\"pl-533\"  class=\"panel-layout\" ><div id=\"pg-533-0\"  class=\"panel-grid panel-no-style\" ><div id=\"pgc-533-0-0\"  class=\"panel-grid-cell panel-grid-cell-empty\" ><\/div><div id=\"pgc-533-0-1\"  class=\"panel-grid-cell panel-grid-cell-mobile-last\" ><div id=\"panel-533-0-1-0\" class=\"so-panel widget widget_sow-editor panel-first-child panel-last-child widgetopts-SO\" data-index=\"0\" ><div\n\t\t\t\n\t\t\tclass=\"so-widget-sow-editor so-widget-sow-editor-base\"\n\t\t\t\n\t\t>\n<div class=\"siteorigin-widget-tinymce textwidget\">\n\t<p><img loading=\"lazy\" decoding=\"async\" class=\"aligncenter wp-image-6907\" src=\"http:\/\/media.mikoterm.com\/2020\/12\/projektanti-naslovna.jpg\" alt=\"\" width=\"1138\" height=\"350\"\/><\/p>\n<p>&nbsp;<\/p>\n<h1 style=\"text-align: center;\">Solutions and technical documentation for designers<\/h1>\n<p data-start=\"1047\" data-end=\"1381\">This page is intended for designers, engineers and contractors who work on the planning, design and implementation of heating and control systems. Mikoterm offers a wide range of products for professional use: <strong data-start=\"1269\" data-end=\"1291\">electric boilers<\/strong>, <strong data-start=\"1293\" data-end=\"1311\">heat pumps<\/strong>, <strong data-start=\"1313\" data-end=\"1336\">processor blocks<\/strong>, <strong data-start=\"1338\" data-end=\"1361\">heating regulators<\/strong> and other gear.<\/p>\n<p data-start=\"1388\" data-end=\"1563\">Here you can find all technical information, connection diagrams and documentation for individual products, as well as system versions specially developed for professional use.<\/p>\n<p data-start=\"1570\" data-end=\"1763\" class=\"translation-block\">Regardless of whether you are designing <strong data-start=\"1600\" data-end=\"1618\">floor heating or hall heating<\/strong>, Mikoterm provides reliable solutions that meet the highest technical standards.<\/p>\n<p>&nbsp;<\/p>\n<\/div>\n<\/div><\/div><\/div><div id=\"pgc-533-0-2\"  class=\"panel-grid-cell panel-grid-cell-empty\" ><\/div><\/div><div id=\"pg-533-1\"  class=\"panel-grid panel-no-style\" ><div id=\"pgc-533-1-0\"  class=\"panel-grid-cell panel-grid-cell-empty\" ><\/div><div id=\"pgc-533-1-1\"  class=\"panel-grid-cell\" ><div id=\"panel-533-1-1-0\" class=\"so-panel widget widget_sow-image panel-first-child panel-last-child widgetopts-SO\" data-index=\"1\" ><div\n\t\t\t\n\t\t\tclass=\"so-widget-sow-image so-widget-sow-image-default-113ccd71f3e6-533\"\n\t\t\t\n\t\t><h3 class=\"widget-title\">eCompact Plus<\/h3>\n<div class=\"sow-image-container\">\n\t\t\t<a href=\"https:\/\/mikoterm.com\/eng\/ecompactplus-for-designers\/\"\n\t\t\t\t\t>\n\t\t\t<img \n\tsrc=\"https:\/\/media.mikoterm.com\/2020\/09\/eCPlusp-pr.jpg\" width=\"367\" height=\"621\" sizes=\"(max-width: 367px) 100vw, 367px\" title=\"eCompact Plus\" alt=\"eCompact Plus elektri\u010dni blok kotao.\" \t\tclass=\"so-widget-image\"\/>\n\t\t\t<\/a><\/div>\n\n<\/div><\/div><\/div><div id=\"pgc-533-1-2\"  class=\"panel-grid-cell\" ><div id=\"panel-533-1-2-0\" class=\"so-panel widget widget_sow-image panel-first-child panel-last-child widgetopts-SO\" data-index=\"2\" ><div\n\t\t\t\n\t\t\tclass=\"so-widget-sow-image so-widget-sow-image-default-113ccd71f3e6-533\"\n\t\t\t\n\t\t><h3 class=\"widget-title\">TK-eLG<\/h3>\n<div class=\"sow-image-container\">\n\t\t\t<a href=\"https:\/\/mikoterm.com\/eng\/electric-boiler-tk-elg-for-designers\/\"\n\t\t\t\t\t>\n\t\t\t<img \n\tsrc=\"https:\/\/media.mikoterm.com\/2020\/12\/eLG-IP20-proj-1.png\" width=\"567\" height=\"1024\" sizes=\"(max-width: 567px) 100vw, 567px\" title=\"TK-eLG\" alt=\"TK-eLG elektri\u010dni kotao za dopunu toplotnim pumpama.\" \t\tclass=\"so-widget-image\"\/>\n\t\t\t<\/a><\/div>\n\n<\/div><\/div><\/div><div id=\"pgc-533-1-3\"  class=\"panel-grid-cell\" ><div id=\"panel-533-1-3-0\" class=\"so-panel widget widget_sow-image panel-first-child panel-last-child widgetopts-SO\" data-index=\"3\" ><div\n\t\t\t\n\t\t\tclass=\"so-widget-sow-image so-widget-sow-image-default-113ccd71f3e6-533\"\n\t\t\t\n\t\t><h3 class=\"widget-title\">mTronic 7000<\/h3>\n<div class=\"sow-image-container\">\n\t\t\t<a href=\"https:\/\/mikoterm.com\/eng\/mtronic-7000-for-designers\/\"\n\t\t\t\t\t>\n\t\t\t<img \n\tsrc=\"https:\/\/media.mikoterm.com\/2020\/10\/mT-naslovna.png\" width=\"819\" height=\"1237\" sizes=\"(max-width: 819px) 100vw, 819px\" title=\"mTronic 7000\" alt=\"mTronic 7000 je procesorski blok kotao.\" \t\tclass=\"so-widget-image\"\/>\n\t\t\t<\/a><\/div>\n\n<\/div><\/div><\/div><div id=\"pgc-533-1-4\"  class=\"panel-grid-cell panel-grid-cell-mobile-last\" ><div id=\"panel-533-1-4-0\" class=\"so-panel widget widget_sow-image panel-first-child panel-last-child widgetopts-SO\" data-index=\"4\" ><div\n\t\t\t\n\t\t\tclass=\"so-widget-sow-image so-widget-sow-image-default-113ccd71f3e6-533\"\n\t\t\t\n\t\t><h3 class=\"widget-title\">TK-Profesional<\/h3>\n<div class=\"sow-image-container\">\n\t\t\t<a href=\"https:\/\/mikoterm.com\/eng\/tk-profesional-for-designers\/\"\n\t\t\t\t\t>\n\t\t\t<img \n\tsrc=\"https:\/\/media.mikoterm.com\/2020\/09\/Front-right-120kW-proj.jpg\" width=\"1603\" height=\"2649\" sizes=\"(max-width: 1603px) 100vw, 1603px\" title=\"TK-Profesional\" alt=\"TK-Profesional elektri\u010dni kotao.\" \t\tclass=\"so-widget-image\"\/>\n\t\t\t<\/a><\/div>\n\n<\/div><\/div><\/div><div id=\"pgc-533-1-5\"  class=\"panel-grid-cell panel-grid-cell-empty\" ><\/div><\/div><div id=\"pg-533-2\"  class=\"panel-grid panel-has-style\" ><div class=\"panel-row-style panel-row-style-for-533-2\" ><div id=\"pgc-533-2-0\"  class=\"panel-grid-cell panel-grid-cell-empty\" ><\/div><div id=\"pgc-533-2-1\"  class=\"panel-grid-cell\" ><div id=\"panel-533-2-1-0\" class=\"so-panel widget widget_sow-image panel-first-child panel-last-child widgetopts-SO\" data-index=\"5\" ><div\n\t\t\t\n\t\t\tclass=\"so-widget-sow-image so-widget-sow-image-default-113ccd71f3e6-533\"\n\t\t\t\n\t\t><h3 class=\"widget-title\">eCompact<\/h3>\n<div class=\"sow-image-container\">\n\t\t\t<a href=\"https:\/\/mikoterm.com\/eng\/processor-block-boiler-ecompact-uz-for-designers\/\"\n\t\t\t\t\t>\n\t\t\t<img \n\tsrc=\"https:\/\/media.mikoterm.com\/2021\/02\/New-UZ-front-1.png\" width=\"1500\" height=\"2700\" sizes=\"(max-width: 1500px) 100vw, 1500px\" title=\"eCompact\" alt=\"eCompact UZ je uzidni procesorski blok kotao.\" \t\tclass=\"so-widget-image\"\/>\n\t\t\t<\/a><\/div>\n\n<\/div><\/div><\/div><div id=\"pgc-533-2-2\"  class=\"panel-grid-cell\" ><div id=\"panel-533-2-2-0\" class=\"so-panel widget widget_sow-image panel-first-child panel-last-child widgetopts-SO\" data-index=\"6\" ><div\n\t\t\t\n\t\t\tclass=\"so-widget-sow-image so-widget-sow-image-default-113ccd71f3e6-533\"\n\t\t\t\n\t\t><h3 class=\"widget-title\">TK wall mounting<\/h3>\n<div class=\"sow-image-container\">\n\t\t\t<a href=\"https:\/\/mikoterm.com\/eng\/electric-boiler-tk-for-designers\/\"\n\t\t\t\t\t>\n\t\t\t<img \n\tsrc=\"https:\/\/media.mikoterm.com\/2019\/02\/18-27-bocni-ceo-n.jpg\" width=\"1500\" height=\"2000\" srcset=\"http:\/\/media.mikoterm.com\/2019\/02\/18-27-bocni-ceo-n.jpg 1500w, http:\/\/media.mikoterm.com\/2019\/02\/18-27-bocni-ceo-n-225x300.jpg 225w, http:\/\/media.mikoterm.com\/2019\/02\/18-27-bocni-ceo-n-768x1024.jpg 768w, http:\/\/media.mikoterm.com\/2019\/02\/18-27-bocni-ceo-n-576x768.jpg 576w\" sizes=\"(max-width: 1500px) 100vw, 1500px\" title=\"TK wall mounting\" alt=\"TK zidna monta\u017ea, elektri\u010dni kotao koji se montira na zid.\" \t\tclass=\"so-widget-image\"\/>\n\t\t\t<\/a><\/div>\n\n<\/div><\/div><\/div><div id=\"pgc-533-2-3\"  class=\"panel-grid-cell\" ><div id=\"panel-533-2-3-0\" class=\"so-panel widget widget_sow-image panel-first-child panel-last-child widgetopts-SO\" data-index=\"7\" ><div\n\t\t\t\n\t\t\tclass=\"so-widget-sow-image so-widget-sow-image-default-113ccd71f3e6-533\"\n\t\t\t\n\t\t><h3 class=\"widget-title\">Wilo-para pump<\/h3>\n<div class=\"sow-image-container\">\n\t\t\t<a href=\"https:\/\/mikoterm.com\/eng\/wilo-para-msl-6-43-sc\/\"\n\t\t\t\t\t>\n\t\t\t<img \n\tsrc=\"https:\/\/media.mikoterm.com\/2020\/12\/WILO-pumpa-proj.png\" width=\"1024\" height=\"1024\" sizes=\"(max-width: 1024px) 100vw, 1024px\" title=\"Wilo-para pump\" alt=\"Cirkulaciona pumpa Wilo-para.\" \t\tclass=\"so-widget-image\"\/>\n\t\t\t<\/a><\/div>\n\n<\/div><\/div><\/div><div id=\"pgc-533-2-4\"  class=\"panel-grid-cell panel-grid-cell-mobile-last\" ><div id=\"panel-533-2-4-0\" class=\"so-panel widget widget_sow-image panel-first-child panel-last-child widgetopts-SO\" data-index=\"8\" ><div\n\t\t\t\n\t\t\tclass=\"so-widget-sow-image so-widget-sow-image-default-113ccd71f3e6-533\"\n\t\t\t\n\t\t><h3 class=\"widget-title\">Pump GPA15 - 7.5 \u2172 PRO Z178<\/h3>\n<div class=\"sow-image-container\">\n\t\t\t<a href=\"http:\/\/media.mikoterm.com\/2023\/03\/Multilanguage-datasheet-for-pump-Mikoterm-GPA15\u20107.5-\u2162-Pro-Z178.pdf\"\n\t\t\ttarget=\"_blank\" rel=\"noopener noreferrer\" \t\t>\n\t\t\t<img \n\tsrc=\"https:\/\/media.mikoterm.com\/2022\/11\/Pump-Mikoterm.png\" width=\"699\" height=\"621\" sizes=\"(max-width: 699px) 100vw, 699px\" title=\"Pump GPA15 - 7.5 \u2172 PRO Z178\" alt=\"Pump GPA15 - 7.5 \u2172 PRO Z178\" \t\tclass=\"so-widget-image\"\/>\n\t\t\t<\/a><\/div>\n\n<\/div><\/div><\/div><div id=\"pgc-533-2-5\"  class=\"panel-grid-cell panel-grid-cell-empty\" ><\/div><\/div><\/div><\/div>","protected":false},"excerpt":{"rendered":"<p>&nbsp; Re\u0161enja i tehni\u010dka dokumentacija za projektante Ova stranica je namenjena projektantima, in\u017eenjerima i izvo\u0111a\u010dima koji rade na planiranju, projektovanju i implementaciji sistema za grejanje&hellip;<\/p>","protected":false},"author":1,"featured_media":0,"parent":0,"menu_order":0,"comment_status":"closed","ping_status":"closed","template":"","meta":{"ngg_post_thumbnail":0,"footnotes":""},"class_list":["post-533","page","type-page","status-publish","hentry"],"rttpg_featured_image_url":null,"rttpg_author":{"display_name":"Mikoterm","author_link":"https:\/\/mikoterm.com\/eng\/author\/mikotermelectronic\/"},"rttpg_comment":0,"rttpg_category":null,"rttpg_excerpt":"&nbsp; Re\u0161enja i tehni\u010dka dokumentacija za projektante Ova stranica je namenjena projektantima, in\u017eenjerima i izvo\u0111a\u010dima koji rade na planiranju, projektovanju i implementaciji sistema za grejanje&hellip;","_links":{"self":[{"href":"https:\/\/mikoterm.com\/eng\/wp-json\/wp\/v2\/pages\/533","targetHints":{"allow":["GET"]}}],"collection":[{"href":"https:\/\/mikoterm.com\/eng\/wp-json\/wp\/v2\/pages"}],"about":[{"href":"https:\/\/mikoterm.com\/eng\/wp-json\/wp\/v2\/types\/page"}],"author":[{"embeddable":true,"href":"https:\/\/mikoterm.com\/eng\/wp-json\/wp\/v2\/users\/1"}],"replies":[{"embeddable":true,"href":"https:\/\/mikoterm.com\/eng\/wp-json\/wp\/v2\/comments?post=533"}],"version-history":[{"count":206,"href":"https:\/\/mikoterm.com\/eng\/wp-json\/wp\/v2\/pages\/533\/revisions"}],"predecessor-version":[{"id":9731,"href":"https:\/\/mikoterm.com\/eng\/wp-json\/wp\/v2\/pages\/533\/revisions\/9731"}],"wp:attachment":[{"href":"https:\/\/mikoterm.com\/eng\/wp-json\/wp\/v2\/media?parent=533"}],"curies":[{"name":"wp","href":"https:\/\/api.w.org\/{rel}","templated":true}]}}