{"id":524,"date":"2018-11-02T07:40:00","date_gmt":"2018-11-02T07:40:00","guid":{"rendered":"https:\/\/mikoterm.com\/?page_id=524"},"modified":"2025-06-25T09:33:31","modified_gmt":"2025-06-25T09:33:31","slug":"pitanja","status":"publish","type":"page","link":"https:\/\/mikoterm.com\/eng\/faq\/","title":{"rendered":"QUESTIONS"},"content":{"rendered":"<div id=\"pl-524\"  class=\"panel-layout\" ><div id=\"pg-524-0\"  class=\"panel-grid panel-no-style\" ><div id=\"pgc-524-0-0\"  class=\"panel-grid-cell panel-grid-cell-empty\" ><\/div><div id=\"pgc-524-0-1\"  class=\"panel-grid-cell panel-grid-cell-mobile-last\" ><div id=\"panel-524-0-1-0\" class=\"so-panel widget widget_sow-editor panel-first-child panel-last-child widgetopts-SO\" data-index=\"0\" ><div\n\t\t\t\n\t\t\tclass=\"so-widget-sow-editor so-widget-sow-editor-base\"\n\t\t\t\n\t\t>\n<div class=\"siteorigin-widget-tinymce textwidget\">\n\t<h1 style=\"text-align: center;\">Frequently Asked Questions and Technical Support<\/h1>\n<p data-start=\"1126\" data-end=\"1466\" class=\"translation-block\">This page has the answers to all the technical questions you might have about Mikoterm products or services. Whether you want to know about heat pumps, electric boilers, floor heating, how they work and how you should maintain them, you're at the right place.<\/p>\n<p data-start=\"1473\" data-end=\"1700\">Our goal is to provide you with all the necessary information so that you can choose the right solution to your unique situation and needs. If you don't find what you're looking for, feel free to contact us through a form or by calling.<\/p>\n<\/div>\n<\/div><\/div><\/div><div id=\"pgc-524-0-2\"  class=\"panel-grid-cell panel-grid-cell-empty\" ><\/div><\/div><div id=\"pg-524-1\"  class=\"panel-grid panel-no-style\" ><div id=\"pgc-524-1-0\"  class=\"panel-grid-cell panel-grid-cell-empty\" ><\/div><div id=\"pgc-524-1-1\"  class=\"panel-grid-cell panel-grid-cell-mobile-last\" ><div id=\"panel-524-1-1-0\" class=\"so-panel widget widget_sow-editor panel-first-child panel-last-child widgetopts-SO\" data-index=\"1\" ><div\n\t\t\t\n\t\t\tclass=\"so-widget-sow-editor so-widget-sow-editor-base\"\n\t\t\t\n\t\t>\n<div class=\"siteorigin-widget-tinymce textwidget\">\n\t<p style=\"text-align: left;\">\n<style type='text\/css' media='all'>#rt-tpg-container-1188172556 .rt-holder .rt-woo-info .price{color:#dd3333;}body .rt-tpg-container .rt-tpg-isotope-buttons .selected,\n\t\t\t\t\t#rt-tpg-container-1188172556 .layout12 .rt-holder:hover .rt-detail,\n\t\t\t\t\t#rt-tpg-container-1188172556 .isotope8 .rt-holder:hover .rt-detail,\n\t\t\t\t\t#rt-tpg-container-1188172556 .carousel8 .rt-holder:hover .rt-detail,\n\t\t\t\t\t#rt-tpg-container-1188172556 .layout13 .rt-holder .overlay .post-info,\n\t\t\t\t\t#rt-tpg-container-1188172556 .isotope9 .rt-holder .overlay .post-info,\n\t\t\t\t\t#rt-tpg-container-1188172556.rt-tpg-container .layout4 .rt-holder .rt-detail,\n\t\t\t\t\t.rt-modal-1188172556 .md-content,\n\t\t\t\t\t.rt-modal-1188172556 .md-content > .rt-md-content-holder .rt-md-content,\n\t\t\t\t\t.rt-popup-wrap-1188172556.rt-popup-wrap .rt-popup-navigation-wrap,\n\t\t\t\t\t#rt-tpg-container-1188172556 .carousel9 .rt-holder .overlay .post-info{background-color:#dd3333;}#rt-tpg-container-1188172556 .layout5 .rt-holder .overlay, #rt-tpg-container-1188172556 .isotope2 .rt-holder .overlay, #rt-tpg-container-1188172556 .carousel2 .rt-holder .overlay,#rt-tpg-container-1188172556 .layout15 .rt-holder h3, #rt-tpg-container-1188172556 .isotope11 .rt-holder h3, #rt-tpg-container-1188172556 .carousel11 .rt-holder h3, #rt-tpg-container-1188172556 .layout16 .rt-holder h3,\n\t\t\t\t\t#rt-tpg-container-1188172556 .isotope12 .rt-holder h3, #rt-tpg-container-1188172556 .carousel12 .rt-holder h3 {background-color:rgba(221,51,51,0.8);}#rt-tpg-container-1188172556 .pagination-list li a,\n\t\t\t\t\trt-tpg-container-1188172556 .pagination-list li span,\n\t\t\t\t\trt-tpg-container-1188172556 .pagination li a,\n\t\t\t\t\t#rt-tpg-container-1188172556 .rt-tpg-isotope-buttons button,\n\t\t\t\t\t#rt-tpg-container-1188172556 .rt-tpg-utility .rt-tpg-load-more button,\n\t\t\t\t\t#rt-tpg-container-1188172556.rt-tpg-container .swiper-navigation .slider-btn,\n\t\t\t\t\t#rt-tpg-container-1188172556.rt-tpg-container .swiper-pagination-bullet,\n\t\t\t\t\t#rt-tpg-container-1188172556 .wc1 .rt-holder .rt-img-holder .overlay .product-more ul li a,\n\t\t\t\t\t#rt-tpg-container-1188172556 .wc2 .rt-detail .rt-wc-add-to-cart,\n\t\t\t\t\t#rt-tpg-container-1188172556 .wc3 .rt-detail .rt-wc-add-to-cart,\n\t\t\t\t\t#rt-tpg-container-1188172556 .wc4 .rt-detail .rt-wc-add-to-cart,\n\t\t\t\t\t#rt-tpg-container-1188172556 .wc-carousel2 .rt-detail .rt-wc-add-to-cart,\n\t\t\t\t\t#rt-tpg-container-1188172556 .wc-isotope2 .rt-detail .rt-wc-add-to-cart,\n\t\t\t\t\t#rt-tpg-container-1188172556 .rt-layout-filter-container .rt-filter-wrap .rt-filter-item-wrap.rt-filter-dropdown-wrap .rt-filter-dropdown,\n\t\t\t\t\t#rt-tpg-container-1188172556 .rt-layout-filter-container .rt-filter-sub-tax.sub-button-group .rt-filter-button-item,\n\t\t\t\t\t#rt-tpg-container-1188172556.rt-tpg-container .rt-pagination-wrap .rt-page-numbers .paginationjs .paginationjs-pages ul li>a,\n\t\t\t\t\t#rt-tpg-container-1188172556 .rt-filter-item-wrap.rt-filter-button-wrap span.rt-filter-button-item,\n\t\t\t\t\t#rt-tpg-container-1188172556.rt-tpg-container .rt-pagination-wrap  .rt-loadmore-btn,\n\t\t\t\t\t#rt-tpg-container-1188172556.rt-tpg-container .rt-pagination-wrap .rt-cb-page-prev-next > *,\n\t\t\t\t\t#rt-tpg-container-1188172556 .rt-read-more,\n\t\t\t\t\t#rt-tooltip-1188172556, #rt-tooltip-1188172556 .rt-tooltip-bottom:after{background-color:#990000;}#rt-tpg-container-1188172556 .rt-filter-item-wrap.rt-filter-button-wrap span.rt-filter-button-item,\n\t\t\t\t\t#rt-tpg-container-1188172556 .rt-layout-filter-container .rt-filter-sub-tax.sub-button-group .rt-filter-button-item{border-color:#990000;}#rt-tpg-container-1188172556.rt-tpg-container .layout17 .rt-holder .overlay a.tpg-zoom .fa{color:#990000;}#rt-tpg-container-1188172556 .rt-holder .read-more a {background-color:#990000;padding: 8px 15px;}#rt-tpg-container-1188172556 .pagination li.active span,\n\t\t\t\t\t#rt-tpg-container-1188172556 .pagination-list li.active span,\n\t\t\t\t\t#rt-tpg-container-1188172556 .rt-tpg-isotope-buttons button.selected,\n\t\t\t\t\t#rt-tpg-container-1188172556 .rt-filter-item-wrap.rt-filter-button-wrap span.rt-filter-button-item.selected,\n\t\t\t\t\t#rt-tpg-container-1188172556 .rt-layout-filter-container .rt-filter-sub-tax.sub-button-group .rt-filter-button-item.selected,\n\t\t\t\t\t#rt-tpg-container-1188172556.rt-tpg-container .rt-pagination-wrap .rt-page-numbers .paginationjs .paginationjs-pages ul li.active>a,\n\t\t\t\t\t#rt-tpg-container-1188172556.rt-tpg-container .swiper-pagination-bullet.swiper-pagination-bullet-active-main{background-color:#777777;}#rt-tpg-container-1188172556 .rt-filter-item-wrap.rt-filter-button-wrap span.rt-filter-button-item.selected,\n\t\t\t\t\t#rt-tpg-container-1188172556 .rt-layout-filter-container .rt-filter-sub-tax.sub-button-group .rt-filter-button-item.selected,\n\t\t\t\t\t#rt-tpg-container-1188172556.rt-tpg-container .rt-pagination-wrap .rt-page-numbers .paginationjs .paginationjs-pages ul li.active>a{border-color:#777777;}#rt-tpg-container-1188172556 .pagination-list li a:hover,\n\t\t\t\t\t#rt-tpg-container-1188172556 .pagination li a:hover,\n\t\t\t\t\t#rt-tpg-container-1188172556 .rt-tpg-isotope-buttons button:hover,\n\t\t\t\t\t#rt-tpg-container-1188172556 .rt-holder .read-more a:hover,\n\t\t\t\t\t#rt-tpg-container-1188172556 .rt-tpg-utility .rt-tpg-load-more button:hover,\n\t\t\t\t\t#rt-tpg-container-1188172556.rt-tpg-container .swiper-pagination-bullet:hover,\n\t\t\t\t\t#rt-tpg-container-1188172556.rt-tpg-container .swiper-navigation .slider-btn:hover,\n\t\t\t\t\t#rt-tpg-container-1188172556 .wc1 .rt-holder .rt-img-holder .overlay .product-more ul li a:hover,\n\t\t\t\t\t#rt-tpg-container-1188172556 .wc2 .rt-detail .rt-wc-add-to-cart:hover,\n\t\t\t\t\t#rt-tpg-container-1188172556 .wc3 .rt-detail .rt-wc-add-to-cart:hover,\n\t\t\t\t\t#rt-tpg-container-1188172556 .wc4 .rt-detail .rt-wc-add-to-cart:hover,\n\t\t\t\t\t#rt-tpg-container-1188172556 .wc-carousel2 .rt-detail .rt-wc-add-to-cart:hover,\n\t\t\t\t\t#rt-tpg-container-1188172556 .wc-isotope2 .rt-detail .rt-wc-add-to-cart:hover,\n\t\t\t\t\t#rt-tpg-container-1188172556 .rt-layout-filter-container .rt-filter-wrap .rt-filter-item-wrap.rt-filter-dropdown-wrap .rt-filter-dropdown .rt-filter-dropdown-item:hover,\n\t\t\t\t\t#rt-tpg-container-1188172556 .rt-layout-filter-container .rt-filter-wrap .rt-filter-item-wrap.rt-filter-dropdown-wrap .rt-filter-dropdown .rt-filter-dropdown-item.selected,\n\t\t\t\t\t#rt-tpg-container-1188172556 .rt-filter-item-wrap.rt-filter-button-wrap span.rt-filter-button-item:hover,\n\t\t\t\t\t#rt-tpg-container-1188172556 .rt-layout-filter-container .rt-filter-sub-tax.sub-button-group .rt-filter-button-item:hover,\n\t\t\t\t\t#rt-tpg-container-1188172556.rt-tpg-container .rt-pagination-wrap .rt-page-numbers .paginationjs .paginationjs-pages ul li>a:hover,\n\t\t\t\t\t#rt-tpg-container-1188172556.rt-tpg-container .rt-pagination-wrap .rt-cb-page-prev-next > *:hover,\n\t\t\t\t\t#rt-tpg-container-1188172556.rt-tpg-container .rt-pagination-wrap  .rt-loadmore-btn:hover,\n\t\t\t\t\t#rt-tpg-container-1188172556 .rt-read-more:hover,\n\t\t\t\t\t#rt-tpg-container-1188172556 .rt-tpg-utility .rt-tpg-load-more button:hover{background-color:#777777;}#rt-tpg-container-1188172556 .rt-filter-item-wrap.rt-filter-button-wrap span.rt-filter-button-item:hover,\n\t\t\t\t\t\t#rt-tpg-container-1188172556 .rt-layout-filter-container .rt-filter-sub-tax.sub-button-group .rt-filter-button-item:hover,\n\t\t\t\t\t\t#rt-tpg-container-1188172556.rt-tpg-container .swiper-navigation .slider-btn:hover,\n\t\t\t\t\t\t#rt-tpg-container-1188172556.rt-tpg-container .rt-pagination-wrap .rt-page-numbers .paginationjs .paginationjs-pages ul li>a:hover{border-color:#777777;}#rt-tpg-container-1188172556.rt-tpg-container .layout17 .rt-holder .overlay a.tpg-zoom:hover .fa{color:#777777;}#rt-tpg-container-1188172556 .pagination-list li a,\n\t\t\t\t\t#rt-tpg-container-1188172556 .pagination li a,\n\t\t\t\t\t#rt-tpg-container-1188172556 .rt-tpg-isotope-buttons button,\n\t\t\t\t\t#rt-tpg-container-1188172556 .rt-holder .read-more a,\n\t\t\t\t\t#rt-tpg-container-1188172556 .rt-tpg-utility .rt-tpg-load-more button,\n\t\t\t\t\t#rt-tpg-container-1188172556.rt-tpg-container .swiper-navigation .slider-btn,\n\t\t\t\t\t#rt-tpg-container-1188172556 .wc1 .rt-holder .rt-img-holder .overlay .product-more ul li a,\n\t\t\t\t\t#rt-tpg-container-1188172556 .edd1 .rt-holder .rt-img-holder .overlay .product-more ul li a,\n\t\t\t\t\t#rt-tpg-container-1188172556 .wc2 .rt-detail .rt-wc-add-to-cart,\n\t\t\t\t\t#rt-tpg-container-1188172556 .wc3 .rt-detail .rt-wc-add-to-cart,\n\t\t\t\t\t#rt-tpg-container-1188172556 .edd2 .rt-detail .rt-wc-add-to-cart,\n\t\t\t\t\t#rt-tpg-container-1188172556 .wc4 .rt-detail .rt-wc-add-to-cart,\n\t\t\t\t\t#rt-tpg-container-1188172556 .edd3 .rt-detail .rt-wc-add-to-cart,\n\t\t\t\t\t#rt-tpg-container-1188172556 .wc-carousel2 .rt-detail .rt-wc-add-to-cart,\n\t\t\t\t\t#rt-tpg-container-1188172556 .wc-isotope2 .rt-detail .rt-wc-add-to-cart,\n\t\t\t\t\t#rt-tpg-container-1188172556 .rt-tpg-utility .rt-tpg-load-more button,\n\t\t\t\t\t#rt-tooltip-1188172556,\n\t\t\t\t\t#rt-tpg-container-1188172556 .rt-filter-item-wrap.rt-filter-button-wrap span.rt-filter-button-item,\n\t\t\t\t\t#rt-tpg-container-1188172556 .rt-layout-filter-container .rt-filter-sub-tax.sub-button-group .rt-filter-button-item,\n\t\t\t\t\t#rt-tpg-container-1188172556 .rt-layout-filter-container .rt-filter-wrap .rt-filter-item-wrap.rt-sort-order-action,\n\t\t\t\t\t#rt-tpg-container-1188172556 .rt-layout-filter-container .rt-filter-wrap .rt-filter-item-wrap.rt-filter-dropdown-wrap .rt-filter-dropdown .rt-filter-dropdown-item,\n\t\t\t\t\t#rt-tpg-container-1188172556.rt-tpg-container .rt-pagination-wrap .rt-page-numbers .paginationjs .paginationjs-pages ul li>a,\n\t\t\t\t\t#rt-tpg-container-1188172556.rt-tpg-container .rt-pagination-wrap .rt-cb-page-prev-next > *,\n\t\t\t\t\t#rt-tpg-container-1188172556.rt-tpg-container .rt-pagination-wrap  .rt-loadmore-btn,\n\t\t\t\t\t#rt-tpg-container-1188172556 .rt-read-more,\n\t\t\t\t\t#rt-tooltip-1188172556 .rt-tooltip-bottom:after{color:#ffffff;}#rt-tpg-container-1188172556 .read-more a{border-radius:px;}#rt-tpg-container-1188172556 .rt-img-holder img.rt-img-responsive,#rt-tpg-container-1188172556 .rt-img-holder,\n\t\t\t\t\t#rt-tpg-container-1188172556 .rt-post-overlay .post-img,\n\t\t\t\t\t#rt-tpg-container-1188172556 .post-sm .post-img,\n\t\t\t\t\t#rt-tpg-container-1188172556 .rt-post-grid .post-img,\n\t\t\t\t\t#rt-tpg-container-1188172556 .post-img img {border-radius:px;}#rt-tpg-container-1188172556 .layout2 .rt-holder h2.entry-title,\n\t\t\t\t\t#rt-tpg-container-1188172556 .layout2 .rt-holder h3.entry-title,\n\t\t\t\t\t#rt-tpg-container-1188172556 .layout2 .rt-holder h4.entry-title,\n\t\t\t\t\t#rt-tpg-container-1188172556 .layout2 .rt-holder h2.entry-title a,\n\t\t\t\t\t#rt-tpg-container-1188172556 .layout2 .rt-holder h3.entry-title a,\n\t\t\t\t\t#rt-tpg-container-1188172556 .layout2 .rt-holder h4.entry-title a,\n\t\t\t\t\t#rt-tpg-container-1188172556 .rt-holder .rt-woo-info h2 a,\n\t\t\t\t\t#rt-tpg-container-1188172556 .rt-holder .rt-woo-info h3 a,\n\t\t\t\t\t#rt-tpg-container-1188172556 .rt-holder .rt-woo-info h4 a,\n\t\t\t\t\t#rt-tpg-container-1188172556 .post-content .post-title,\n\t\t\t\t\t#rt-tpg-container-1188172556 .rt-post-grid .post-title,\n\t\t\t\t\t#rt-tpg-container-1188172556 .rt-post-grid .post-title a,\n\t\t\t\t\t#rt-tpg-container-1188172556 .post-content .post-title a,\n\t\t\t\t\t#rt-tpg-container-1188172556 .rt-holder .rt-woo-info h2,\n\t\t\t\t\t#rt-tpg-container-1188172556 .rt-holder .rt-woo-info h3,\n\t\t\t\t\t#rt-tpg-container-1188172556 .rt-holder .rt-woo-info h4{color:#990000;}<\/style>\n<div class='rt-container-fluid rt-tpg-container tpg-shortcode-main-wrapper' id='rt-tpg-container-1188172556'   data-layout='layout2' data-grid-style='even' data-desktop-col='1'  data-tab-col='2'  data-mobile-col='1' data-sc-id='1793'>\n<div data-title='Loading ...' class='rt-row rt-content-loader   layout2 tpg-even'>\n<div class=\"rt-col-md-12 rt-col-sm-6 rt-col-xs-12 even-grid-item rt-grid-item\" data-id=\"8615\">\n<div class=\"rt-holder\">\n<div class=\"rt-row\">\n<div class='rt-col-xs-12'>\n<div class='rt-detail'>\n<h2 class=\"entry-title\"><a data-id=\"8615\" class=\"\" href=\"https:\/\/mikoterm.com\/eng\/electric-boilers-energy-sources\/\">Electric boilers &amp; energy sources<\/a><\/h2>\n<div class='tpg-excerpt'>Electric boilers and energy sources, a look at the current solutions and offers.<\/div>\n<p><span class='read-more'><a data-id='8615' class='' href='https:\/\/mikoterm.com\/eng\/electric-boilers-energy-sources\/'>Details<\/a><\/span><\/div>\n<\/div>\n<\/div>\n<\/div>\n<\/div>\n<div class=\"rt-col-md-12 rt-col-sm-6 rt-col-xs-12 even-grid-item rt-grid-item\" data-id=\"8105\">\n<div class=\"rt-holder\">\n<div class=\"rt-row\">\n<div class='rt-col-xs-12'>\n<div class='rt-detail'>\n<h2 class=\"entry-title\"><a data-id=\"8105\" class=\"\" href=\"https:\/\/mikoterm.com\/eng\/circulation-pump-check\/\">Circulator pump check<\/a><\/h2>\n<div class='tpg-excerpt'>How to check your circulator pump.<\/div>\n<p><span class='read-more'><a data-id='8105' class='' href='https:\/\/mikoterm.com\/eng\/circulation-pump-check\/'>Details<\/a><\/span><\/div>\n<\/div>\n<\/div>\n<\/div>\n<\/div>\n<div class=\"rt-col-md-12 rt-col-sm-6 rt-col-xs-12 even-grid-item rt-grid-item\" data-id=\"8102\">\n<div class=\"rt-holder\">\n<div class=\"rt-row\">\n<div class='rt-col-xs-12'>\n<div class='rt-detail'>\n<h2 class=\"entry-title\"><a data-id=\"8102\" class=\"\" href=\"https:\/\/mikoterm.com\/eng\/checking-the-pressure-in-the-expansion-tank\/\">Pressure check in the expansion tank<\/a><\/h2>\n<div class='tpg-excerpt'>How to check pressure in the expansion tank.<\/div>\n<p><span class='read-more'><a data-id='8102' class='' href='https:\/\/mikoterm.com\/eng\/checking-the-pressure-in-the-expansion-tank\/'>Details<\/a><\/span><\/div>\n<\/div>\n<\/div>\n<\/div>\n<\/div>\n<div class=\"rt-col-md-12 rt-col-sm-6 rt-col-xs-12 even-grid-item rt-grid-item\" data-id=\"8084\">\n<div class=\"rt-holder\">\n<div class=\"rt-row\">\n<div class='rt-col-xs-12'>\n<div class='rt-detail'>\n<h2 class=\"entry-title\"><a data-id=\"8084\" class=\"\" href=\"https:\/\/mikoterm.com\/eng\/system-refill\/\">Refilling the system<\/a><\/h2>\n<div class='tpg-excerpt'>How to correctly refill the heating system.<\/div>\n<p><span class='read-more'><a data-id='8084' class='' href='https:\/\/mikoterm.com\/eng\/system-refill\/'>Details<\/a><\/span><\/div>\n<\/div>\n<\/div>\n<\/div>\n<\/div>\n<\/div>\n<div class='rt-pagination-wrap' data-total-pages='3' data-posts-per-page='4' data-type='pagination'  >\n<div class=\"rt-pagination\" >\n<ul class=\"pagination-list\">\n<li class=\"active\"><span>1<\/span><\/li>\n<li><a data-paged='2' href='https:\/\/mikoterm.com\/eng\/wp-json\/wp\/v2\/pages\/524\/page\/2\/'>2<\/a><\/li>\n<li><a data-paged='3' href='https:\/\/mikoterm.com\/eng\/wp-json\/wp\/v2\/pages\/524\/page\/3\/'>3<\/a><\/li>\n<\/ul>\n<\/div>\n<\/div>\n<\/div>\n<\/div>\n<\/div><\/div><\/div><div id=\"pgc-524-1-2\"  class=\"panel-grid-cell panel-grid-cell-empty\" ><\/div><\/div><\/div>","protected":false},"excerpt":{"rendered":"<p>Naj\u010de\u0161\u0107a pitanja i tehni\u010dka podr\u0161ka Na ovoj stranici prona\u0107i \u0107ete odgovore na naj\u010de\u0161\u0107e postavljana pitanja u vezi sa Mikoterm proizvodima i uslugama. Bilo da vas&hellip;<\/p>","protected":false},"author":1,"featured_media":0,"parent":0,"menu_order":0,"comment_status":"closed","ping_status":"closed","template":"","meta":{"ngg_post_thumbnail":0,"footnotes":""},"class_list":["post-524","page","type-page","status-publish","hentry"],"rttpg_featured_image_url":null,"rttpg_author":{"display_name":"Mikoterm","author_link":"https:\/\/mikoterm.com\/eng\/author\/mikotermelectronic\/"},"rttpg_comment":0,"rttpg_category":null,"rttpg_excerpt":"Naj\u010de\u0161\u0107a pitanja i tehni\u010dka podr\u0161ka Na ovoj stranici prona\u0107i \u0107ete odgovore na naj\u010de\u0161\u0107e postavljana pitanja u vezi sa Mikoterm proizvodima i uslugama. Bilo da vas&hellip;","_links":{"self":[{"href":"https:\/\/mikoterm.com\/eng\/wp-json\/wp\/v2\/pages\/524","targetHints":{"allow":["GET"]}}],"collection":[{"href":"https:\/\/mikoterm.com\/eng\/wp-json\/wp\/v2\/pages"}],"about":[{"href":"https:\/\/mikoterm.com\/eng\/wp-json\/wp\/v2\/types\/page"}],"author":[{"embeddable":true,"href":"https:\/\/mikoterm.com\/eng\/wp-json\/wp\/v2\/users\/1"}],"replies":[{"embeddable":true,"href":"https:\/\/mikoterm.com\/eng\/wp-json\/wp\/v2\/comments?post=524"}],"version-history":[{"count":12,"href":"https:\/\/mikoterm.com\/eng\/wp-json\/wp\/v2\/pages\/524\/revisions"}],"predecessor-version":[{"id":9656,"href":"https:\/\/mikoterm.com\/eng\/wp-json\/wp\/v2\/pages\/524\/revisions\/9656"}],"wp:attachment":[{"href":"https:\/\/mikoterm.com\/eng\/wp-json\/wp\/v2\/media?parent=524"}],"curies":[{"name":"wp","href":"https:\/\/api.w.org\/{rel}","templated":true}]}}