{"id":393,"date":"2018-10-31T13:33:44","date_gmt":"2018-10-31T13:33:44","guid":{"rendered":"https:\/\/mikoterm.com\/?page_id=393"},"modified":"2025-06-27T14:26:18","modified_gmt":"2025-06-27T14:26:18","slug":"klasicni-kotlovi","status":"publish","type":"page","link":"https:\/\/mikoterm.com\/eng\/classic-boilers\/","title":{"rendered":"KLASI\u010cNI KOTLOVI"},"content":{"rendered":"<div id=\"pl-393\"  class=\"panel-layout\" ><div id=\"pg-393-0\"  class=\"panel-grid panel-no-style\" ><div id=\"pgc-393-0-0\"  class=\"panel-grid-cell panel-grid-cell-empty\" ><\/div><div id=\"pgc-393-0-1\"  class=\"panel-grid-cell panel-grid-cell-mobile-last\" ><div id=\"panel-393-0-1-0\" class=\"so-panel widget widget_sow-editor panel-first-child widgetopts-SO\" data-index=\"0\" ><div\n\t\t\t\n\t\t\tclass=\"so-widget-sow-editor so-widget-sow-editor-base\"\n\t\t\t\n\t\t>\n<div class=\"siteorigin-widget-tinymce textwidget\">\n\t<h1 style=\"text-align: center;\">Classic Boilers - Traditional Heating Solutions<\/h1>\n<p align=\"justify\"><strong>eTK<\/strong> the model is produced in two case sizes, modern design, with a power range of 6, 9, 12, 18, 24, 30, 36 and 40 kW.<br \/>\nThe main difference from the previous one is microprocessor control and additional protection that turns off power in case of overheating, with the microcontroller and external circulation pump continuing to operate.<\/p>\n<\/div>\n<\/div><\/div><div id=\"panel-393-0-1-1\" class=\"widget_text so-panel widget widget_custom_html panel-last-child widgetopts-SO\" data-index=\"1\" ><div class=\"textwidget custom-html-widget\">\r\n\t\t\t\t\t\n\r\n\t\t\t\t\t<!-- START UNITE GALLERY 1.7.62 -->\r\n\t\t\t\t\t\r\n\t\t\t\t\n\n\t\t\t<div id='unitegallery_15_1' class='unite-gallery' style='margin:0px auto;'>\n\t\t\t\t\n\n\t\t\t\t\t\t<img decoding=\"async\" alt=\"Pogled na kotao eTK 6-24kW spolja.\"\n\t\t\t\t\t\t     src=\"\" data-image=\"https:\/\/media.mikoterm.com\/2022\/05\/eTK-6\u00f724-zatvoren_05.22.jpg\"\n\t\t\t\t\t\t     data-thumb=\"https:\/\/media.mikoterm.com\/2022\/05\/eTK-6\u00f724-zatvoren_05.22.jpg\"\n\t\t\t\t\t\t     title=\"\"\n\t\t\t\t\t\t     data-title=\"eTK 6-24 Spolja\"\n\t\t\t\t\t\t     style=\"display:none\">\n\n\t\t\t\t\t\t<img decoding=\"async\" alt=\"Pogled na eTK kotao 6-24kW, unutra.\"\n\t\t\t\t\t\t     src=\"\" data-image=\"https:\/\/media.mikoterm.com\/2023\/04\/eTK-24kW.jpg\"\n\t\t\t\t\t\t     data-thumb=\"https:\/\/media.mikoterm.com\/2023\/04\/eTK-24kW.jpg\"\n\t\t\t\t\t\t     title=\"\"\n\t\t\t\t\t\t     data-title=\"eTK 24kW unutra\"\n\t\t\t\t\t\t     style=\"display:none\">\n\n\t\t\t\t\t\t<img decoding=\"async\" alt=\"Pogled na presek eTK kotla.\"\n\t\t\t\t\t\t     src=\"\" data-image=\"https:\/\/media.mikoterm.com\/2022\/05\/eTK-otvoren.jpg\"\n\t\t\t\t\t\t     data-thumb=\"https:\/\/media.mikoterm.com\/2022\/05\/eTK-otvoren.jpg\"\n\t\t\t\t\t\t     title=\"\"\n\t\t\t\t\t\t     data-title=\"eTK Presek\"\n\t\t\t\t\t\t     style=\"display:none\">\n\n\t\t\t\t\t\t<img decoding=\"async\" alt=\"New\"\n\t\t\t\t\t\t     src=\"\" data-image=\"https:\/\/media.mikoterm.com\/2022\/05\/New.gif\"\n\t\t\t\t\t\t     data-thumb=\"https:\/\/media.mikoterm.com\/2022\/05\/New-150x150.gif\"\n\t\t\t\t\t\t     title=\"\"\n\t\t\t\t\t\t     style=\"display:none\">\n\n\t\t\t\t\t\t<img decoding=\"async\" alt=\"Pogled na komandu tablu 6-24kW elektri\u010dnog kotla eTK.\"\n\t\t\t\t\t\t     src=\"\" data-image=\"https:\/\/media.mikoterm.com\/2022\/05\/IZGLED_KOMANDNE_TABLE_eTK_Zidni_05.22.jpg\"\n\t\t\t\t\t\t     data-thumb=\"https:\/\/media.mikoterm.com\/2022\/05\/IZGLED_KOMANDNE_TABLE_eTK_Zidni_05.22.jpg\"\n\t\t\t\t\t\t     title=\"\"\n\t\t\t\t\t\t     data-title=\"eTK zidni 6-24kW komanda tabla\"\n\t\t\t\t\t\t     style=\"display:none\">\n\t\t\t<\/div>\n\n\t\t\t<script type='text\/javascript'>\n\t\t\t\twindow.onload = function(e) {\n\t\t\t\t\tif(typeof ugCheckForErrors == \"undefined\"){\n\t\t\t\t\t\tdocument.getElementById(\"unitegallery_15_1\").innerHTML = \"<span style='color:red'>Unite Gallery Error - gallery js and css files not included in the footer. Please make sure that wp_footer() function is added to your theme.<\/span>\";}\n\t\t\t\t\telse{ ugCheckForErrors(\"unitegallery_15_1\", \"jquery\");}\n\t\t\t\t};\n\t\t\t<\/script>\n\n\t\t\t<!-- END UNITEGALLERY --><\/div><\/div><\/div><div id=\"pgc-393-0-2\"  class=\"panel-grid-cell panel-grid-cell-empty\" ><\/div><\/div><div id=\"pg-393-1\"  class=\"panel-grid panel-no-style\" ><div id=\"pgc-393-1-0\"  class=\"panel-grid-cell panel-grid-cell-empty\" ><\/div><div id=\"pgc-393-1-1\"  class=\"panel-grid-cell panel-grid-cell-mobile-last\" ><div id=\"panel-393-1-1-0\" class=\"so-panel widget widget_sow-image panel-first-child panel-last-child widgetopts-SO\" data-index=\"2\" ><div class=\"panel-widget-style panel-widget-style-for-393-1-1-0\" ><div\n\t\t\t\n\t\t\tclass=\"so-widget-sow-image so-widget-sow-image-default-113ccd71f3e6-393\"\n\t\t\t\n\t\t><h3 class=\"widget-title\">Electric boilers model eTK 6kW-45kW wall mount<\/h3>\n<div class=\"sow-image-container\">\n\t\t\t<a href=\"https:\/\/mikoterm.com\/eng\/electric-boiler-model-etc-6kw-40kw-wall-mounting\/\"\n\t\t\t\t\t>\n\t\t\t<img \n\tsrc=\"https:\/\/media.mikoterm.com\/2022\/06\/eTK-6-24-zatvorenn.png\" width=\"232\" height=\"300\" sizes=\"(max-width: 232px) 100vw, 232px\" title=\"Electric boilers model eTK 6kW-45kW wall mount\" alt=\"Electric boilers model eTK 6kW-45kW wall mount\" \t\tclass=\"so-widget-image\"\/>\n\t\t\t<\/a><\/div>\n\n<\/div><\/div><\/div><\/div><div id=\"pgc-393-1-2\"  class=\"panel-grid-cell panel-grid-cell-empty\" ><\/div><\/div><\/div>","protected":false},"excerpt":{"rendered":"<p>Klasi\u010dni Kotlovi \u2013 Tradicionalna Re\u0161enja za Grejanje eTK model se proizvodi u dve veli\u010dine ku\u0107i\u0161ta, modernog dizajna, sa rasponom snaga od 6, 9, 12, 18,&hellip;<\/p>","protected":false},"author":1,"featured_media":0,"parent":0,"menu_order":0,"comment_status":"closed","ping_status":"closed","template":"","meta":{"ngg_post_thumbnail":0,"footnotes":""},"class_list":["post-393","page","type-page","status-publish","hentry"],"rttpg_featured_image_url":null,"rttpg_author":{"display_name":"Mikoterm","author_link":"https:\/\/mikoterm.com\/eng\/author\/mikotermelectronic\/"},"rttpg_comment":0,"rttpg_category":null,"rttpg_excerpt":"Klasi\u010dni Kotlovi \u2013 Tradicionalna Re\u0161enja za Grejanje eTK model se proizvodi u dve veli\u010dine ku\u0107i\u0161ta, modernog dizajna, sa rasponom snaga od 6, 9, 12, 18,&hellip;","_links":{"self":[{"href":"https:\/\/mikoterm.com\/eng\/wp-json\/wp\/v2\/pages\/393","targetHints":{"allow":["GET"]}}],"collection":[{"href":"https:\/\/mikoterm.com\/eng\/wp-json\/wp\/v2\/pages"}],"about":[{"href":"https:\/\/mikoterm.com\/eng\/wp-json\/wp\/v2\/types\/page"}],"author":[{"embeddable":true,"href":"https:\/\/mikoterm.com\/eng\/wp-json\/wp\/v2\/users\/1"}],"replies":[{"embeddable":true,"href":"https:\/\/mikoterm.com\/eng\/wp-json\/wp\/v2\/comments?post=393"}],"version-history":[{"count":134,"href":"https:\/\/mikoterm.com\/eng\/wp-json\/wp\/v2\/pages\/393\/revisions"}],"predecessor-version":[{"id":9724,"href":"https:\/\/mikoterm.com\/eng\/wp-json\/wp\/v2\/pages\/393\/revisions\/9724"}],"wp:attachment":[{"href":"https:\/\/mikoterm.com\/eng\/wp-json\/wp\/v2\/media?parent=393"}],"curies":[{"name":"wp","href":"https:\/\/api.w.org\/{rel}","templated":true}]}}